{"id":965,"date":"2024-02-03T09:07:08","date_gmt":"2024-02-03T09:07:08","guid":{"rendered":"https:\/\/eurohinca.es\/?page_id=965"},"modified":"2026-04-10T11:54:17","modified_gmt":"2026-04-10T11:54:17","slug":"avis-juridique","status":"publish","type":"page","link":"https:\/\/eurohinca.com\/fr\/aviso-legal\/","title":{"rendered":"Avis juridique"},"content":{"rendered":"<div data-elementor-type=\"wp-page\" data-elementor-id=\"965\" class=\"elementor elementor-965\" data-elementor-post-type=\"page\">\n\t\t\t\t\t\t<section class=\"elementor-section elementor-top-section elementor-element elementor-element-035d3e9 elementor-section-height-min-height elementor-section-boxed elementor-section-height-default elementor-section-items-middle\" data-id=\"035d3e9\" data-element_type=\"section\" data-e-type=\"section\" data-settings=\"{&quot;background_background&quot;:&quot;classic&quot;}\">\n\t\t\t\t\t\t\t<div class=\"elementor-background-overlay\"><\/div>\n\t\t\t\t\t\t\t<div class=\"elementor-container elementor-column-gap-default\">\n\t\t\t\t\t<div class=\"elementor-column elementor-col-50 elementor-top-column elementor-element elementor-element-dba92c5\" data-id=\"dba92c5\" data-element_type=\"column\" data-e-type=\"column\">\n\t\t\t<div class=\"elementor-widget-wrap elementor-element-populated\">\n\t\t\t\t\t\t<div class=\"elementor-element elementor-element-3e945dc elementor-widget elementor-widget-heading\" data-id=\"3e945dc\" data-element_type=\"widget\" data-e-type=\"widget\" data-widget_type=\"heading.default\">\n\t\t\t\t<div class=\"elementor-widget-container\">\n\t\t\t\t\t<h2 class=\"elementor-heading-title elementor-size-default\">Avis juridique<\/h2>\t\t\t\t<\/div>\n\t\t\t\t<\/div>\n\t\t\t\t\t<\/div>\n\t\t<\/div>\n\t\t\t\t<div class=\"elementor-column elementor-col-50 elementor-top-column elementor-element elementor-element-0228d3c elementor-hidden-tablet elementor-hidden-phone\" data-id=\"0228d3c\" data-element_type=\"column\" data-e-type=\"column\">\n\t\t\t<div class=\"elementor-widget-wrap\">\n\t\t\t\t\t\t\t<\/div>\n\t\t<\/div>\n\t\t\t\t\t<\/div>\n\t\t<\/section>\n\t\t<div class=\"elementor-element elementor-element-090ee70 e-flex e-con-boxed e-con e-parent\" data-id=\"090ee70\" data-element_type=\"container\" data-e-type=\"container\">\n\t\t\t\t\t<div class=\"e-con-inner\">\n\t\t\t\t<div class=\"elementor-element elementor-element-ba206e4 elementor-widget elementor-widget-text-editor\" data-id=\"ba206e4\" data-element_type=\"widget\" data-e-type=\"widget\" data-widget_type=\"text-editor.default\">\n\t\t\t\t<div class=\"elementor-widget-container\">\n\t\t\t\t\t\t\t\t\t<h4 class=\"h4-EH\">Services d'information et commerce \u00e9lectronique<\/h4><p>Conform\u00e9ment aux dispositions de l'article 10 de la loi 34\/2002, du 11 juillet, sur les services de la soci\u00e9t\u00e9 de l'information et le commerce \u00e9lectronique (LSSI-CE), nous vous informons que la propri\u00e9t\u00e9 de ce site Web appartient \u00e0 Europea de Hincas Teledirigidas, S.A. (Eurohinca, S.A.), dont le si\u00e8ge social est situ\u00e9 \u00e0 Madrid, calle Juan de Arespacochaga y Felipe n\u00ba 12, 28037 Madrid, sous le num\u00e9ro C.I.F. A81396517, et inscrite au registre du commerce de Madrid, volume 26.807, folio 141, page M-168797. T\u00e9l\u00e9phone +34 914 237 500, Fax +34 914 237 501, e-mail :\u00a0<a href=\"mailto:info@eurohinca.com\">\u00a0<span class=\"azul\">info@eurohinca.com<\/span><\/a>.<\/p><p>Cette page fournit des informations g\u00e9n\u00e9rales sur les activit\u00e9s d'Eurohinca.<\/p><h4 class=\"h4-EH\">Cookies<\/h4><p>Le site web d'Eurohinca peut utiliser ses propres cookies et ceux de tiers pour analyser les pr\u00e9f\u00e9rences et les habitudes de navigation des utilisateurs et pour optimiser la conception du site web.<\/p><p>Les cookies sont de petits fichiers qui sont temporairement stock\u00e9s sur l'ordinateur de l'utilisateur lorsqu'il navigue sur Internet. Ils rendent la navigation plus confortable et facilitent l'utilisation d'un site web. Ces cookies contiennent un num\u00e9ro qui permet d'identifier l'ordinateur de l'utilisateur de mani\u00e8re univoque, m\u00eame si l'emplacement ou l'adresse IP de l'utilisateur change, mais ils ne permettent pas \u00e0 l'utilisateur d'\u00e9tablir une relation avec une personne. La plupart des navigateurs acceptent automatiquement les cookies. Les cookies stock\u00e9s sur votre syst\u00e8me peuvent \u00eatre supprim\u00e9s \u00e0 tout moment.<\/p><p>Le site web est accessible sans qu'il soit n\u00e9cessaire d'activer les cookies, bien que leur d\u00e9sactivation puisse emp\u00eacher son bon fonctionnement. Si vous naviguez sur le site, nous comprenons que vous acceptez leur utilisation, nous vous recommandons de lire attentivement notre Politique en mati\u00e8re de cookies pour obtenir des informations d\u00e9taill\u00e9es sur les cookies utilis\u00e9s par ce site, les finalit\u00e9s de leur utilisation, ainsi que la mani\u00e8re de vous opposer ou de r\u00e9voquer votre consentement \u00e0 leur utilisation.<\/p><p>Les cookies utilis\u00e9s sur ce site sont ceux de Google Analytics, un service d'analyse de site internet d\u00e9velopp\u00e9 par Google, qui permet de mesurer et d'analyser la navigation sur les sites internet. Dans votre navigateur, vous pouvez voir 4 cookies de ce service. Vous pouvez obtenir plus d'informations \u00e0 ce sujet et d\u00e9sactiver l'utilisation de ces cookies.\u00a0<a href=\"https:\/\/www.google.es\/intl\/es_ALL\/analytics\/learn\/index.html\" target=\"new\"><span class=\"azul\">www.google.es\/intl\/es_ALL\/analytics\/learn\/index.html<\/span><\/a>\u00a0Un cookie technique appel\u00e9 ASP.NET_SessionId est \u00e9galement t\u00e9l\u00e9charg\u00e9. Ce cookie stocke un identifiant unique par session gr\u00e2ce auquel il est possible de relier les donn\u00e9es n\u00e9cessaires pour permettre la navigation actuelle.<\/p><p>Enfin, un cookie technique appel\u00e9 cookies_policy est t\u00e9l\u00e9charg\u00e9, qui est de type technique et de session. Il g\u00e8re le consentement de l'utilisateur \u00e0 l'utilisation de cookies sur le site web, dans le but de se souvenir des utilisateurs qui les ont accept\u00e9s et de ceux qui ne les ont pas accept\u00e9s, de sorte que les premiers ne voient pas appara\u00eetre d'informations les concernant en haut de la page.<\/p><h4 class=\"h4-EH\">Conditions g\u00e9n\u00e9rales d'utilisation<\/h4><p>Le domaine Internet eurohinca.com (ainsi que eurohinca.es ; esurohinca.cat ; eurohinca.org\/net\/eu\/biz\/info) est la propri\u00e9t\u00e9 de EUROPEA DE HINCAS TELEDIRIGIDAS. Calle Juan de Arespacochaga y Felipe n\u00ba 12, 28037 Madrid- Espagne. T\u00e9l\u00e9phone : + 34 914 237 500.<\/p><p>EUROHINCA vous informe que l'acc\u00e8s et l'utilisation du site web\u00a0<a href=\"https:\/\/eurohinca.com\/fr\/\"><span class=\"azul\">www.eurohinca.es<\/span><\/a>\u00a0et tous les sous-domaines qui en font partie (ci-apr\u00e8s d\u00e9nomm\u00e9s \"Web\"), ainsi que les services ou contenus qui peuvent \u00eatre obtenus par leur interm\u00e9diaire, sont soumis aux conditions d\u00e9taill\u00e9es dans les pr\u00e9sentes mentions l\u00e9gales, sans pr\u00e9judice du fait que l'acc\u00e8s \u00e0 l'un de ces services ou contenus peut n\u00e9cessiter l'acceptation de conditions g\u00e9n\u00e9rales suppl\u00e9mentaires.<\/p><p>EUROHINCA se r\u00e9serve le droit d'apporter des modifications au site Web sans pr\u00e9avis, afin de mettre \u00e0 jour, corriger, modifier, ajouter ou supprimer le contenu du site Web ou sa conception. Le contenu et les services propos\u00e9s sont mis \u00e0 jour p\u00e9riodiquement. La mise \u00e0 jour de l'information n'\u00e9tant pas imm\u00e9diate, nous vous conseillons de toujours v\u00e9rifier la validit\u00e9 et l'exactitude de l'information, des services et des contenus figurant sur le site Web.<\/p><p>Eurohinca ne garantit pas l'absence d'interruptions ou d'erreurs dans l'acc\u00e8s \u00e0 son site web ou \u00e0 ses diff\u00e9rents contenus.<\/p><p>Les termes et conditions contenus dans le pr\u00e9sent avis sont susceptibles d'\u00eatre modifi\u00e9s et nous vous encourageons \u00e0 les consulter lorsque vous revenez sur le site.<\/p><h4 class=\"h4-EH\">Droits de propri\u00e9t\u00e9 intellectuelle et industrielle<\/h4><p>Tous les droits de propri\u00e9t\u00e9 intellectuelle et industrielle sont express\u00e9ment r\u00e9serv\u00e9s \u00e0 EUROHINCA. Le code source, le logiciel, les textes, les dessins graphiques, les images, les photographies, les sons, les animations, les logos, les marques et autres signes distinctifs, ainsi que l'information et le contenu recueillis sur le site Web sont prot\u00e9g\u00e9s par la loi espagnole en faveur d'EUROHINCA.<\/p><p>Son utilisation, sa reproduction, sa distribution, sa communication publique, sa transformation ou toute autre activit\u00e9 similaire ou analogue est strictement interdite, sauf autorisation expresse d'EUROHINCA ou mention expresse de son origine. La licence d'utilisation de tout contenu de ce site Web accord\u00e9e \u00e0 l'utilisateur est limit\u00e9e au t\u00e9l\u00e9chargement par l'utilisateur dudit contenu et \u00e0 son utilisation priv\u00e9e, \u00e0 condition que ledit contenu ne soit pas alt\u00e9r\u00e9. Son utilisation \u00e0 des fins commerciales ou tout autre usage qui n'est pas personnel et priv\u00e9 est express\u00e9ment interdite.<\/p><p>EUROHINCA veillera au respect des conditions susmentionn\u00e9es et \u00e0 la bonne utilisation de sa propri\u00e9t\u00e9 intellectuelle et industrielle, en exer\u00e7ant toutes les actions l\u00e9gales auxquelles elle a droit.<\/p><h4 class=\"h4-EH\">Liens ou hyperliens<\/h4><p>EUROHINCA vous permet d'acc\u00e9der \u00e0 d'autres sites web qui, selon nous, peuvent vous int\u00e9resser. L'objectif de ces liens est uniquement de vous permettre de trouver plus facilement les ressources qui peuvent vous int\u00e9resser sur Internet. Cependant, ces pages n'appartiennent pas \u00e0 EUROHINCA, qui n'en contr\u00f4le pas le contenu et qui ne peut donc pas \u00eatre tenu responsable de leur contenu, du fonctionnement de la page li\u00e9e ou de tout dommage \u00e9ventuel pouvant r\u00e9sulter de l'acc\u00e8s ou de l'utilisation de cette page.<\/p><h4 class=\"h4-EH\">Vie priv\u00e9e<\/h4><p>Conform\u00e9ment \u00e0 la loi organique 15\/1999, du 13 d\u00e9cembre, sur la protection des donn\u00e9es \u00e0 caract\u00e8re personnel, les filiales, les soci\u00e9t\u00e9s affili\u00e9es et les soci\u00e9t\u00e9s associ\u00e9es d'EUROHINCA, en tant que responsables de l'information, s'engagent \u00e0 respecter leur obligation de secret \u00e0 l'\u00e9gard des donn\u00e9es \u00e0 caract\u00e8re personnel et le devoir de les traiter de mani\u00e8re confidentielle. A cette fin, elles adopteront les mesures n\u00e9cessaires pour emp\u00eacher leur alt\u00e9ration, perte, traitement ou acc\u00e8s non autoris\u00e9.<\/p><p>La collecte et le traitement des donn\u00e9es personnelles ont pour but la gestion, la fourniture, l'extension et l'am\u00e9lioration des services demand\u00e9s \u00e0 tout moment par l'utilisateur et le suivi des questions soulev\u00e9es par ce dernier.<\/p><p>Vous pourrez exercer vos droits d'acc\u00e8s, de rectification, d'annulation et d'opposition \u00e0 vos donn\u00e9es personnelles contenues dans les fichiers, en les demandant par tout moyen laissant une trace de leur envoi et de leur r\u00e9ception. Pour exercer vos droits, vous pouvez nous contacter par courrier \u00e9lectronique :<a href=\"mailto:LOPD@terratest.es\">\u00a0<span class=\"azul\">LOPD@terratest.es<\/span><\/a>\u00a0en indiquant dans l'objet du message \ufffdLOPD\ufffd.<\/p><p>EUROHINCA maintient les niveaux de protection de vos donn\u00e9es personnelles conform\u00e9ment au d\u00e9cret royal 1720\/2007, du 21 d\u00e9cembre, en tant que r\u00e8glement pour le d\u00e9veloppement de la loi organique 15\/1999, du 13 d\u00e9cembre, sur la protection des donn\u00e9es personnelles, et a mis en place tous les moyens techniques \u00e0 sa disposition pour \u00e9viter la perte, l'utilisation abusive, l'alt\u00e9ration, l'acc\u00e8s non autoris\u00e9 et le vol des donn\u00e9es que vous fournissez, sans pr\u00e9judice du fait que les mesures de s\u00e9curit\u00e9 sur Internet ne sont pas inexpugnables.<\/p><p>EUROHINCA se r\u00e9serve le droit de modifier cette politique de confidentialit\u00e9 afin de l'adapter \u00e0 la nouvelle l\u00e9gislation, \u00e0 la jurisprudence ou \u00e0 l'interpr\u00e9tation de l'Agence espagnole de protection des donn\u00e9es. Dans ce cas, EUROHINCA annoncera ces changements, en indiquant clairement les modifications apport\u00e9es avec un pr\u00e9avis suffisant, et en vous demandant, le cas \u00e9ch\u00e9ant, d'accepter ces changements.<\/p>\t\t\t\t\t\t\t\t<\/div>\n\t\t\t\t<\/div>\n\t\t\t\t\t<\/div>\n\t\t\t\t<\/div>\n\t\t\t\t<\/div>","protected":false},"excerpt":{"rendered":"<p>Aviso Legal Servicios de Informaci\u00f3n y Comercio Electr\u00f3nico En cumplimiento de lo establecido en el Art. 10 de la Ley 34\/2002, de 11 de julio, de Servicios de la Sociedad de la Informaci\u00f3n y Comercio Electr\u00f3nico (LSSI-CE), se informa que la titularidad de esta p\u00e1gina web es de Europea de Hincas Teledirigidas, S.A. (Eurohinca, S.A.), [&hellip;]<\/p>\n","protected":false},"author":4,"featured_media":0,"parent":0,"menu_order":0,"comment_status":"closed","ping_status":"closed","template":"","meta":{"footnotes":""},"class_list":["post-965","page","type-page","status-publish","hentry"],"yoast_head":"<!-- This site is optimized with the Yoast SEO plugin v27.3 - https:\/\/yoast.com\/product\/yoast-seo-wordpress\/ -->\n<title>Aviso legal del sitio web | Eurohinca<\/title>\n<meta name=\"robots\" content=\"index, follow, max-snippet:-1, max-image-preview:large, max-video-preview:-1\" \/>\n<link rel=\"canonical\" href=\"https:\/\/eurohinca.com\/fr\/avis-juridique\/\" \/>\n<meta property=\"og:locale\" content=\"fr_FR\" \/>\n<meta property=\"og:type\" content=\"article\" \/>\n<meta property=\"og:title\" content=\"Aviso legal del sitio web | Eurohinca\" \/>\n<meta property=\"og:description\" content=\"Aviso Legal Servicios de Informaci\u00f3n y Comercio Electr\u00f3nico En cumplimiento de lo establecido en el Art. 10 de la Ley 34\/2002, de 11 de julio, de Servicios de la Sociedad de la Informaci\u00f3n y Comercio Electr\u00f3nico (LSSI-CE), se informa que la titularidad de esta p\u00e1gina web es de Europea de Hincas Teledirigidas, S.A. (Eurohinca, S.A.), [&hellip;]\" \/>\n<meta property=\"og:url\" content=\"https:\/\/eurohinca.com\/fr\/avis-juridique\/\" \/>\n<meta property=\"og:site_name\" content=\"Eurohinca\" \/>\n<meta property=\"article:modified_time\" content=\"2026-04-10T11:54:17+00:00\" \/>\n<meta name=\"twitter:card\" content=\"summary_large_image\" \/>\n<meta name=\"twitter:label1\" content=\"Dur\u00e9e de lecture estim\u00e9e\" \/>\n\t<meta name=\"twitter:data1\" content=\"6 minutes\" \/>\n<script type=\"application\/ld+json\" class=\"yoast-schema-graph\">{\"@context\":\"https:\\\/\\\/schema.org\",\"@graph\":[{\"@type\":\"WebPage\",\"@id\":\"https:\\\/\\\/eurohinca.com\\\/aviso-legal\\\/\",\"url\":\"https:\\\/\\\/eurohinca.com\\\/aviso-legal\\\/\",\"name\":\"Aviso legal del sitio web | Eurohinca\",\"isPartOf\":{\"@id\":\"https:\\\/\\\/eurohinca.com\\\/es\\\/#website\"},\"datePublished\":\"2024-02-03T09:07:08+00:00\",\"dateModified\":\"2026-04-10T11:54:17+00:00\",\"breadcrumb\":{\"@id\":\"https:\\\/\\\/eurohinca.com\\\/aviso-legal\\\/#breadcrumb\"},\"inLanguage\":\"fr-FR\",\"potentialAction\":[{\"@type\":\"ReadAction\",\"target\":[\"https:\\\/\\\/eurohinca.com\\\/aviso-legal\\\/\"]}]},{\"@type\":\"BreadcrumbList\",\"@id\":\"https:\\\/\\\/eurohinca.com\\\/aviso-legal\\\/#breadcrumb\",\"itemListElement\":[{\"@type\":\"ListItem\",\"position\":1,\"name\":\"Portada\",\"item\":\"https:\\\/\\\/eurohinca.com\\\/es\\\/\"},{\"@type\":\"ListItem\",\"position\":2,\"name\":\"Aviso Legal\"}]},{\"@type\":\"WebSite\",\"@id\":\"https:\\\/\\\/eurohinca.com\\\/es\\\/#website\",\"url\":\"https:\\\/\\\/eurohinca.com\\\/es\\\/\",\"name\":\"Eurohinca\",\"description\":\"\",\"publisher\":{\"@id\":\"https:\\\/\\\/eurohinca.com\\\/es\\\/#organization\"},\"potentialAction\":[{\"@type\":\"SearchAction\",\"target\":{\"@type\":\"EntryPoint\",\"urlTemplate\":\"https:\\\/\\\/eurohinca.com\\\/es\\\/?s={search_term_string}\"},\"query-input\":{\"@type\":\"PropertyValueSpecification\",\"valueRequired\":true,\"valueName\":\"search_term_string\"}}],\"inLanguage\":\"fr-FR\"},{\"@type\":\"Organization\",\"@id\":\"https:\\\/\\\/eurohinca.com\\\/es\\\/#organization\",\"name\":\"Eurohinca\",\"url\":\"https:\\\/\\\/eurohinca.com\\\/es\\\/\",\"logo\":{\"@type\":\"ImageObject\",\"inLanguage\":\"fr-FR\",\"@id\":\"https:\\\/\\\/eurohinca.com\\\/es\\\/#\\\/schema\\\/logo\\\/image\\\/\",\"url\":\"https:\\\/\\\/eurohinca.com\\\/wp-content\\\/uploads\\\/2024\\\/01\\\/Logo-nuevo.png\",\"contentUrl\":\"https:\\\/\\\/eurohinca.com\\\/wp-content\\\/uploads\\\/2024\\\/01\\\/Logo-nuevo.png\",\"width\":512,\"height\":131,\"caption\":\"Eurohinca\"},\"image\":{\"@id\":\"https:\\\/\\\/eurohinca.com\\\/es\\\/#\\\/schema\\\/logo\\\/image\\\/\"}}]}<\/script>\n<!-- \/ Yoast SEO plugin. -->","yoast_head_json":{"title":"Mentions l\u00e9gales du site web | Eurohinca","robots":{"index":"index","follow":"follow","max-snippet":"max-snippet:-1","max-image-preview":"max-image-preview:large","max-video-preview":"max-video-preview:-1"},"canonical":"https:\/\/eurohinca.com\/fr\/avis-juridique\/","og_locale":"fr_FR","og_type":"article","og_title":"Aviso legal del sitio web | Eurohinca","og_description":"Aviso Legal Servicios de Informaci\u00f3n y Comercio Electr\u00f3nico En cumplimiento de lo establecido en el Art. 10 de la Ley 34\/2002, de 11 de julio, de Servicios de la Sociedad de la Informaci\u00f3n y Comercio Electr\u00f3nico (LSSI-CE), se informa que la titularidad de esta p\u00e1gina web es de Europea de Hincas Teledirigidas, S.A. (Eurohinca, S.A.), [&hellip;]","og_url":"https:\/\/eurohinca.com\/fr\/avis-juridique\/","og_site_name":"Eurohinca","article_modified_time":"2026-04-10T11:54:17+00:00","twitter_card":"summary_large_image","twitter_misc":{"Dur\u00e9e de lecture estim\u00e9e":"6 minutes"},"schema":{"@context":"https:\/\/schema.org","@graph":[{"@type":"WebPage","@id":"https:\/\/eurohinca.com\/aviso-legal\/","url":"https:\/\/eurohinca.com\/aviso-legal\/","name":"Mentions l\u00e9gales du site web | Eurohinca","isPartOf":{"@id":"https:\/\/eurohinca.com\/es\/#website"},"datePublished":"2024-02-03T09:07:08+00:00","dateModified":"2026-04-10T11:54:17+00:00","breadcrumb":{"@id":"https:\/\/eurohinca.com\/aviso-legal\/#breadcrumb"},"inLanguage":"fr-FR","potentialAction":[{"@type":"ReadAction","target":["https:\/\/eurohinca.com\/aviso-legal\/"]}]},{"@type":"BreadcrumbList","@id":"https:\/\/eurohinca.com\/aviso-legal\/#breadcrumb","itemListElement":[{"@type":"ListItem","position":1,"name":"Portada","item":"https:\/\/eurohinca.com\/es\/"},{"@type":"ListItem","position":2,"name":"Aviso Legal"}]},{"@type":"WebSite","@id":"https:\/\/eurohinca.com\/es\/#website","url":"https:\/\/eurohinca.com\/es\/","name":"Eurohinca","description":"","publisher":{"@id":"https:\/\/eurohinca.com\/es\/#organization"},"potentialAction":[{"@type":"SearchAction","target":{"@type":"EntryPoint","urlTemplate":"https:\/\/eurohinca.com\/es\/?s={search_term_string}"},"query-input":{"@type":"PropertyValueSpecification","valueRequired":true,"valueName":"search_term_string"}}],"inLanguage":"fr-FR"},{"@type":"Organization","@id":"https:\/\/eurohinca.com\/es\/#organization","name":"Eurohinca","url":"https:\/\/eurohinca.com\/es\/","logo":{"@type":"ImageObject","inLanguage":"fr-FR","@id":"https:\/\/eurohinca.com\/es\/#\/schema\/logo\/image\/","url":"https:\/\/eurohinca.com\/wp-content\/uploads\/2024\/01\/Logo-nuevo.png","contentUrl":"https:\/\/eurohinca.com\/wp-content\/uploads\/2024\/01\/Logo-nuevo.png","width":512,"height":131,"caption":"Eurohinca"},"image":{"@id":"https:\/\/eurohinca.com\/es\/#\/schema\/logo\/image\/"}}]}},"_links":{"self":[{"href":"https:\/\/eurohinca.com\/fr\/wp-json\/wp\/v2\/pages\/965","targetHints":{"allow":["GET"]}}],"collection":[{"href":"https:\/\/eurohinca.com\/fr\/wp-json\/wp\/v2\/pages"}],"about":[{"href":"https:\/\/eurohinca.com\/fr\/wp-json\/wp\/v2\/types\/page"}],"author":[{"embeddable":true,"href":"https:\/\/eurohinca.com\/fr\/wp-json\/wp\/v2\/users\/4"}],"replies":[{"embeddable":true,"href":"https:\/\/eurohinca.com\/fr\/wp-json\/wp\/v2\/comments?post=965"}],"version-history":[{"count":1,"href":"https:\/\/eurohinca.com\/fr\/wp-json\/wp\/v2\/pages\/965\/revisions"}],"predecessor-version":[{"id":5545,"href":"https:\/\/eurohinca.com\/fr\/wp-json\/wp\/v2\/pages\/965\/revisions\/5545"}],"wp:attachment":[{"href":"https:\/\/eurohinca.com\/fr\/wp-json\/wp\/v2\/media?parent=965"}],"curies":[{"name":"wp","href":"https:\/\/api.w.org\/{rel}","templated":true}]}}