{"id":56,"date":"2024-01-26T12:40:29","date_gmt":"2024-01-26T12:40:29","guid":{"rendered":"https:\/\/eurohinca.es\/?page_id=56"},"modified":"2025-12-04T09:41:28","modified_gmt":"2025-12-04T09:41:28","slug":"travailler-avec-nous","status":"publish","type":"page","link":"https:\/\/eurohinca.com\/fr\/trabaja-con-nosotros\/","title":{"rendered":"Travailler avec nous"},"content":{"rendered":"\t\t<div data-elementor-type=\"wp-page\" data-elementor-id=\"56\" class=\"elementor elementor-56\" data-elementor-post-type=\"page\">\n\t\t\t\t\t\t<section class=\"elementor-section elementor-top-section elementor-element elementor-element-84b38bd elementor-section-height-min-height elementor-section-boxed elementor-section-height-default elementor-section-items-middle\" data-id=\"84b38bd\" data-element_type=\"section\" data-e-type=\"section\" data-settings=\"{&quot;background_background&quot;:&quot;classic&quot;}\">\n\t\t\t\t\t\t\t<div class=\"elementor-background-overlay\"><\/div>\n\t\t\t\t\t\t\t<div class=\"elementor-container elementor-column-gap-default\">\n\t\t\t\t\t<div class=\"elementor-column elementor-col-50 elementor-top-column elementor-element elementor-element-c9a9ca6\" data-id=\"c9a9ca6\" data-element_type=\"column\" data-e-type=\"column\">\n\t\t\t<div class=\"elementor-widget-wrap elementor-element-populated\">\n\t\t\t\t\t\t<div class=\"elementor-element elementor-element-73b4aa7 elementor-widget elementor-widget-heading\" data-id=\"73b4aa7\" data-element_type=\"widget\" data-e-type=\"widget\" data-widget_type=\"heading.default\">\n\t\t\t\t<div class=\"elementor-widget-container\">\n\t\t\t\t\t<h2 class=\"elementor-heading-title elementor-size-default\">Trabaja con nosotros<\/h2>\t\t\t\t<\/div>\n\t\t\t\t<\/div>\n\t\t\t\t<div class=\"elementor-element elementor-element-530653d elementor-widget elementor-widget-text-editor\" data-id=\"530653d\" data-element_type=\"widget\" data-e-type=\"widget\" data-widget_type=\"text-editor.default\">\n\t\t\t\t<div class=\"elementor-widget-container\">\n\t\t\t\t\t\t\t\t\t<p>En EUROHINCA, creemos que nuestro equipo es la clave para nuestro \u00e9xito. Estamos siempre en busca de talento apasionado y comprometido que comparta nuestra visi\u00f3n y valores.<\/p><p>Si est\u00e1s interesado en formar parte de nuestro equipo, te invitamos a enviar tu solicitud a trav\u00e9s del formulario que encontrar\u00e1s a continuaci\u00f3n adjuntando tu curr\u00edculum vitae.\u00a0 Nos encantar\u00eda conocer tus habilidades y experiencia.<\/p><h4><span style=\"color: #00a3de;\">\u00a1Gracias por considerar a EUROHINCA como tu pr\u00f3ximo destino profesional!<\/span><\/h4><h4>Esperamos con ansias recibir tu solicitud y explorar las oportunidades de trabajar juntos.<\/h4>\t\t\t\t\t\t\t\t<\/div>\n\t\t\t\t<\/div>\n\t\t\t\t\t<\/div>\n\t\t<\/div>\n\t\t\t\t<div class=\"elementor-column elementor-col-50 elementor-top-column elementor-element elementor-element-d89ce4e\" data-id=\"d89ce4e\" data-element_type=\"column\" data-e-type=\"column\">\n\t\t\t<div class=\"elementor-widget-wrap elementor-element-populated\">\n\t\t\t\t\t\t<div class=\"elementor-element elementor-element-9a5a5d5 elementor-button-align-stretch elementor-widget elementor-widget-form\" data-id=\"9a5a5d5\" data-element_type=\"widget\" data-e-type=\"widget\" data-settings=\"{&quot;step_next_label&quot;:&quot;Siguiente&quot;,&quot;step_previous_label&quot;:&quot;Anterior&quot;,&quot;button_width&quot;:&quot;100&quot;,&quot;step_type&quot;:&quot;number_text&quot;,&quot;step_icon_shape&quot;:&quot;circle&quot;}\" data-widget_type=\"form.default\">\n\t\t\t\t<div class=\"elementor-widget-container\">\n\t\t\t\t\t\t\t<form class=\"elementor-form\" method=\"post\" name=\"Nuevo formulario\" aria-label=\"Nuevo formulario\">\n\t\t\t<input type=\"hidden\" name=\"post_id\" value=\"56\"\/>\n\t\t\t<input type=\"hidden\" name=\"form_id\" value=\"9a5a5d5\"\/>\n\t\t\t<input type=\"hidden\" name=\"referer_title\" value=\"Trabaja con nosotros - Eurohinca\" \/>\n\n\t\t\t\t\t\t\t<input type=\"hidden\" name=\"queried_id\" value=\"56\"\/>\n\t\t\t\n\t\t\t<div class=\"elementor-form-fields-wrapper elementor-labels-above\">\n\t\t\t\t\t\t\t\t<div class=\"elementor-field-type-text elementor-field-group elementor-column elementor-field-group-name elementor-col-66 elementor-field-required\">\n\t\t\t\t\t\t\t\t\t\t\t\t\t<input size=\"1\" type=\"text\" name=\"form_fields[name]\" id=\"form-field-name\" class=\"elementor-field elementor-size-sm  elementor-field-textual\" placeholder=\"Nombre*\" required=\"required\">\n\t\t\t\t\t\t\t\t\t\t\t<\/div>\n\t\t\t\t\t\t\t\t<div class=\"elementor-field-type-tel elementor-field-group elementor-column elementor-field-group-tel elementor-col-33 elementor-field-required\">\n\t\t\t\t\t\t\t<input size=\"1\" type=\"tel\" name=\"form_fields[tel]\" id=\"form-field-tel\" class=\"elementor-field elementor-size-sm  elementor-field-textual\" placeholder=\"Tel\u00e9fono*\" required=\"required\" pattern=\"[0-9()#&amp;+*-=.]+\" title=\"Seuls les caract\u00e8res de num\u00e9ros de t\u00e9l\u00e9phone (#, -, *, etc.) sont accept\u00e9s.\">\n\n\t\t\t\t\t\t<\/div>\n\t\t\t\t\t\t\t\t<div class=\"elementor-field-type-email elementor-field-group elementor-column elementor-field-group-email elementor-col-100 elementor-field-required\">\n\t\t\t\t\t\t\t\t\t\t\t\t\t<input size=\"1\" type=\"email\" name=\"form_fields[email]\" id=\"form-field-email\" class=\"elementor-field elementor-size-sm  elementor-field-textual\" placeholder=\"Correo electr\u00f3nico*\" required=\"required\">\n\t\t\t\t\t\t\t\t\t\t\t<\/div>\n\t\t\t\t\t\t\t\t<div class=\"elementor-field-type-textarea elementor-field-group elementor-column elementor-field-group-message elementor-col-100 elementor-field-required\">\n\t\t\t\t\t<textarea class=\"elementor-field-textual elementor-field  elementor-size-sm\" name=\"form_fields[message]\" id=\"form-field-message\" rows=\"8\" placeholder=\"Mensaje*\" required=\"required\"><\/textarea>\t\t\t\t<\/div>\n\t\t\t\t\t\t\t\t<div class=\"elementor-field-type-upload elementor-field-group elementor-column elementor-field-group-field_f697cd3 elementor-col-100\">\n\t\t\t\t\t\t\t<input type=\"file\" name=\"form_fields[field_f697cd3]\" id=\"form-field-field_f697cd3\" class=\"elementor-field elementor-size-sm  elementor-upload-field\" data-maxsize=\"8\" data-maxsize-message=\"Ce fichier d\u00e9passe la taille maximale autoris\u00e9e.\">\n\n\t\t\t\t\t\t<\/div>\n\t\t\t\t\t\t\t\t<div class=\"elementor-field-type-acceptance elementor-field-group elementor-column elementor-field-group-field_6c3a441 elementor-col-100 elementor-field-required\">\n\t\t\t\t\t\t\t<div class=\"elementor-field-subgroup\">\n\t\t\t<span class=\"elementor-field-option\">\n\t\t\t\t<input type=\"checkbox\" name=\"form_fields[field_6c3a441]\" id=\"form-field-field_6c3a441\" class=\"elementor-field elementor-size-sm  elementor-acceptance-field\" required=\"required\">\n\t\t\t\t<label for=\"form-field-field_6c3a441\">He le&iacute;do y acepto la <a href=\"https:\/\/eurohinca.com\/es\/politica-de-privacidad\/\">pol&iacute;tica de privacidad<\/a><\/label>\t\t\t<\/span>\n\t\t<\/div>\n\t\t\t\t\t\t<\/div>\n\t\t\t\t\t\t\t\t<div class=\"elementor-field-type-recaptcha elementor-field-group elementor-column elementor-field-group-field_898b4f4 elementor-col-100\">\n\t\t\t\t\t<div class=\"elementor-field\" id=\"form-field-field_898b4f4\"><div class=\"elementor-g-recaptcha\" data-sitekey=\"6Lcz6SAsAAAAACisQ3fIlTtTjYL6Dp_ehyofrlft\" data-type=\"v2_checkbox\" data-theme=\"light\" data-size=\"normal\"><\/div><\/div>\t\t\t\t<\/div>\n\t\t\t\t\t\t\t\t<div class=\"elementor-field-group elementor-column elementor-field-type-submit elementor-col-100 e-form__buttons\">\n\t\t\t\t\t<button class=\"elementor-button elementor-size-sm\" type=\"submit\">\n\t\t\t\t\t\t<span class=\"elementor-button-content-wrapper\">\n\t\t\t\t\t\t\t\t\t\t\t\t\t\t\t\t\t\t\t\t\t\t<span class=\"elementor-button-text\">Enviar<\/span>\n\t\t\t\t\t\t\t\t\t\t\t\t\t<\/span>\n\t\t\t\t\t<\/button>\n\t\t\t\t<\/div>\n\t\t\t<\/div>\n\t\t<\/form>\n\t\t\t\t\t\t<\/div>\n\t\t\t\t<\/div>\n\t\t\t\t\t<\/div>\n\t\t<\/div>\n\t\t\t\t\t<\/div>\n\t\t<\/section>\n\t\t\t\t<\/div>\n\t\t","protected":false},"excerpt":{"rendered":"<p>Trabaja con nosotros En EUROHINCA, creemos que nuestro equipo es la clave para nuestro \u00e9xito. Estamos siempre en busca de talento apasionado y comprometido que comparta nuestra visi\u00f3n y valores. Si est\u00e1s interesado en formar parte de nuestro equipo, te invitamos a enviar tu solicitud a trav\u00e9s del formulario que encontrar\u00e1s a continuaci\u00f3n adjuntando tu [&hellip;]<\/p>\n","protected":false},"author":2,"featured_media":0,"parent":0,"menu_order":0,"comment_status":"closed","ping_status":"closed","template":"","meta":{"footnotes":""},"class_list":["post-56","page","type-page","status-publish","hentry"],"yoast_head":"<!-- This site is optimized with the Yoast SEO plugin v27.3 - https:\/\/yoast.com\/product\/yoast-seo-wordpress\/ -->\n<title>Trabaja con nosotros - Eurohinca<\/title>\n<meta name=\"robots\" content=\"index, follow, max-snippet:-1, max-image-preview:large, max-video-preview:-1\" \/>\n<link rel=\"canonical\" href=\"https:\/\/eurohinca.com\/fr\/travailler-avec-nous\/\" \/>\n<meta property=\"og:locale\" content=\"fr_FR\" \/>\n<meta property=\"og:type\" content=\"article\" \/>\n<meta property=\"og:title\" content=\"Trabaja con nosotros - Eurohinca\" \/>\n<meta property=\"og:description\" content=\"Trabaja con nosotros En EUROHINCA, creemos que nuestro equipo es la clave para nuestro \u00e9xito. Estamos siempre en busca de talento apasionado y comprometido que comparta nuestra visi\u00f3n y valores. Si est\u00e1s interesado en formar parte de nuestro equipo, te invitamos a enviar tu solicitud a trav\u00e9s del formulario que encontrar\u00e1s a continuaci\u00f3n adjuntando tu [&hellip;]\" \/>\n<meta property=\"og:url\" content=\"https:\/\/eurohinca.com\/fr\/travailler-avec-nous\/\" \/>\n<meta property=\"og:site_name\" content=\"Eurohinca\" \/>\n<meta property=\"article:modified_time\" content=\"2025-12-04T09:41:28+00:00\" \/>\n<meta name=\"twitter:card\" content=\"summary_large_image\" \/>\n<meta name=\"twitter:label1\" content=\"Dur\u00e9e de lecture estim\u00e9e\" \/>\n\t<meta name=\"twitter:data1\" content=\"1 minute\" \/>\n<script type=\"application\/ld+json\" class=\"yoast-schema-graph\">{\"@context\":\"https:\\\/\\\/schema.org\",\"@graph\":[{\"@type\":\"WebPage\",\"@id\":\"https:\\\/\\\/eurohinca.com\\\/trabaja-con-nosotros\\\/\",\"url\":\"https:\\\/\\\/eurohinca.com\\\/trabaja-con-nosotros\\\/\",\"name\":\"Trabaja con nosotros - Eurohinca\",\"isPartOf\":{\"@id\":\"https:\\\/\\\/eurohinca.com\\\/es\\\/#website\"},\"datePublished\":\"2024-01-26T12:40:29+00:00\",\"dateModified\":\"2025-12-04T09:41:28+00:00\",\"breadcrumb\":{\"@id\":\"https:\\\/\\\/eurohinca.com\\\/trabaja-con-nosotros\\\/#breadcrumb\"},\"inLanguage\":\"fr-FR\",\"potentialAction\":[{\"@type\":\"ReadAction\",\"target\":[\"https:\\\/\\\/eurohinca.com\\\/trabaja-con-nosotros\\\/\"]}]},{\"@type\":\"BreadcrumbList\",\"@id\":\"https:\\\/\\\/eurohinca.com\\\/trabaja-con-nosotros\\\/#breadcrumb\",\"itemListElement\":[{\"@type\":\"ListItem\",\"position\":1,\"name\":\"Portada\",\"item\":\"https:\\\/\\\/eurohinca.com\\\/es\\\/\"},{\"@type\":\"ListItem\",\"position\":2,\"name\":\"Trabaja con nosotros\"}]},{\"@type\":\"WebSite\",\"@id\":\"https:\\\/\\\/eurohinca.com\\\/es\\\/#website\",\"url\":\"https:\\\/\\\/eurohinca.com\\\/es\\\/\",\"name\":\"Eurohinca\",\"description\":\"\",\"publisher\":{\"@id\":\"https:\\\/\\\/eurohinca.com\\\/es\\\/#organization\"},\"potentialAction\":[{\"@type\":\"SearchAction\",\"target\":{\"@type\":\"EntryPoint\",\"urlTemplate\":\"https:\\\/\\\/eurohinca.com\\\/es\\\/?s={search_term_string}\"},\"query-input\":{\"@type\":\"PropertyValueSpecification\",\"valueRequired\":true,\"valueName\":\"search_term_string\"}}],\"inLanguage\":\"fr-FR\"},{\"@type\":\"Organization\",\"@id\":\"https:\\\/\\\/eurohinca.com\\\/es\\\/#organization\",\"name\":\"Eurohinca\",\"url\":\"https:\\\/\\\/eurohinca.com\\\/es\\\/\",\"logo\":{\"@type\":\"ImageObject\",\"inLanguage\":\"fr-FR\",\"@id\":\"https:\\\/\\\/eurohinca.com\\\/es\\\/#\\\/schema\\\/logo\\\/image\\\/\",\"url\":\"https:\\\/\\\/eurohinca.com\\\/wp-content\\\/uploads\\\/2024\\\/01\\\/Logo-nuevo.png\",\"contentUrl\":\"https:\\\/\\\/eurohinca.com\\\/wp-content\\\/uploads\\\/2024\\\/01\\\/Logo-nuevo.png\",\"width\":512,\"height\":131,\"caption\":\"Eurohinca\"},\"image\":{\"@id\":\"https:\\\/\\\/eurohinca.com\\\/es\\\/#\\\/schema\\\/logo\\\/image\\\/\"}}]}<\/script>\n<!-- \/ Yoast SEO plugin. -->","yoast_head_json":{"title":"Travailler avec nous - Eurohinca","robots":{"index":"index","follow":"follow","max-snippet":"max-snippet:-1","max-image-preview":"max-image-preview:large","max-video-preview":"max-video-preview:-1"},"canonical":"https:\/\/eurohinca.com\/fr\/travailler-avec-nous\/","og_locale":"fr_FR","og_type":"article","og_title":"Trabaja con nosotros - Eurohinca","og_description":"Trabaja con nosotros En EUROHINCA, creemos que nuestro equipo es la clave para nuestro \u00e9xito. Estamos siempre en busca de talento apasionado y comprometido que comparta nuestra visi\u00f3n y valores. Si est\u00e1s interesado en formar parte de nuestro equipo, te invitamos a enviar tu solicitud a trav\u00e9s del formulario que encontrar\u00e1s a continuaci\u00f3n adjuntando tu [&hellip;]","og_url":"https:\/\/eurohinca.com\/fr\/travailler-avec-nous\/","og_site_name":"Eurohinca","article_modified_time":"2025-12-04T09:41:28+00:00","twitter_card":"summary_large_image","twitter_misc":{"Dur\u00e9e de lecture estim\u00e9e":"1 minute"},"schema":{"@context":"https:\/\/schema.org","@graph":[{"@type":"WebPage","@id":"https:\/\/eurohinca.com\/trabaja-con-nosotros\/","url":"https:\/\/eurohinca.com\/trabaja-con-nosotros\/","name":"Travailler avec nous - Eurohinca","isPartOf":{"@id":"https:\/\/eurohinca.com\/es\/#website"},"datePublished":"2024-01-26T12:40:29+00:00","dateModified":"2025-12-04T09:41:28+00:00","breadcrumb":{"@id":"https:\/\/eurohinca.com\/trabaja-con-nosotros\/#breadcrumb"},"inLanguage":"fr-FR","potentialAction":[{"@type":"ReadAction","target":["https:\/\/eurohinca.com\/trabaja-con-nosotros\/"]}]},{"@type":"BreadcrumbList","@id":"https:\/\/eurohinca.com\/trabaja-con-nosotros\/#breadcrumb","itemListElement":[{"@type":"ListItem","position":1,"name":"Portada","item":"https:\/\/eurohinca.com\/es\/"},{"@type":"ListItem","position":2,"name":"Trabaja con nosotros"}]},{"@type":"WebSite","@id":"https:\/\/eurohinca.com\/es\/#website","url":"https:\/\/eurohinca.com\/es\/","name":"Eurohinca","description":"","publisher":{"@id":"https:\/\/eurohinca.com\/es\/#organization"},"potentialAction":[{"@type":"SearchAction","target":{"@type":"EntryPoint","urlTemplate":"https:\/\/eurohinca.com\/es\/?s={search_term_string}"},"query-input":{"@type":"PropertyValueSpecification","valueRequired":true,"valueName":"search_term_string"}}],"inLanguage":"fr-FR"},{"@type":"Organization","@id":"https:\/\/eurohinca.com\/es\/#organization","name":"Eurohinca","url":"https:\/\/eurohinca.com\/es\/","logo":{"@type":"ImageObject","inLanguage":"fr-FR","@id":"https:\/\/eurohinca.com\/es\/#\/schema\/logo\/image\/","url":"https:\/\/eurohinca.com\/wp-content\/uploads\/2024\/01\/Logo-nuevo.png","contentUrl":"https:\/\/eurohinca.com\/wp-content\/uploads\/2024\/01\/Logo-nuevo.png","width":512,"height":131,"caption":"Eurohinca"},"image":{"@id":"https:\/\/eurohinca.com\/es\/#\/schema\/logo\/image\/"}}]}},"_links":{"self":[{"href":"https:\/\/eurohinca.com\/fr\/wp-json\/wp\/v2\/pages\/56","targetHints":{"allow":["GET"]}}],"collection":[{"href":"https:\/\/eurohinca.com\/fr\/wp-json\/wp\/v2\/pages"}],"about":[{"href":"https:\/\/eurohinca.com\/fr\/wp-json\/wp\/v2\/types\/page"}],"author":[{"embeddable":true,"href":"https:\/\/eurohinca.com\/fr\/wp-json\/wp\/v2\/users\/2"}],"replies":[{"embeddable":true,"href":"https:\/\/eurohinca.com\/fr\/wp-json\/wp\/v2\/comments?post=56"}],"version-history":[{"count":21,"href":"https:\/\/eurohinca.com\/fr\/wp-json\/wp\/v2\/pages\/56\/revisions"}],"predecessor-version":[{"id":4904,"href":"https:\/\/eurohinca.com\/fr\/wp-json\/wp\/v2\/pages\/56\/revisions\/4904"}],"wp:attachment":[{"href":"https:\/\/eurohinca.com\/fr\/wp-json\/wp\/v2\/media?parent=56"}],"curies":[{"name":"wp","href":"https:\/\/api.w.org\/{rel}","templated":true}]}}