{"id":2274,"date":"2024-04-04T15:31:17","date_gmt":"2024-04-04T15:31:17","guid":{"rendered":"https:\/\/eurohinca.com\/?page_id=2274"},"modified":"2024-04-04T15:32:26","modified_gmt":"2024-04-04T15:32:26","slug":"schema-du-tunnelier-epb","status":"publish","type":"page","link":"https:\/\/eurohinca.com\/fr\/esquema-tuneladora-epb\/","title":{"rendered":"Sch\u00e9ma du tunnelier EPB"},"content":{"rendered":"<div data-elementor-type=\"wp-page\" data-elementor-id=\"2274\" class=\"elementor elementor-2274\" data-elementor-post-type=\"page\">\n\t\t\t\t<div class=\"elementor-element elementor-element-3e01d97 e-flex e-con-boxed e-con e-parent\" data-id=\"3e01d97\" data-element_type=\"container\" data-e-type=\"container\" data-settings=\"{&quot;background_background&quot;:&quot;classic&quot;}\">\n\t\t\t\t\t<div class=\"e-con-inner\">\n\t\t<div class=\"elementor-element elementor-element-ce4d1c6 e-con-full e-flex e-con e-child\" data-id=\"ce4d1c6\" data-element_type=\"container\" data-e-type=\"container\">\n\t\t\t\t<div class=\"elementor-element elementor-element-1cc01dd elementor-widget elementor-widget-heading\" data-id=\"1cc01dd\" data-element_type=\"widget\" data-e-type=\"widget\" data-widget_type=\"heading.default\">\n\t\t\t\t<div class=\"elementor-widget-container\">\n\t\t\t\t\t<h1 class=\"elementor-heading-title elementor-size-default\">TBM EPB (Earth Preasure Balance)<\/h1>\t\t\t\t<\/div>\n\t\t\t\t<\/div>\n\t\t\t\t<\/div>\n\t\t\t\t\t<\/div>\n\t\t\t\t<\/div>\n\t\t<div class=\"elementor-element elementor-element-1ccca4d e-flex e-con-boxed e-con e-parent\" data-id=\"1ccca4d\" data-element_type=\"container\" data-e-type=\"container\">\n\t\t\t\t\t<div class=\"e-con-inner\">\n\t\t<div class=\"elementor-element elementor-element-edf3693 e-grid e-con-boxed e-con e-child\" data-id=\"edf3693\" data-element_type=\"container\" data-e-type=\"container\">\n\t\t\t\t\t<div class=\"e-con-inner\">\n\t\t<div class=\"elementor-element elementor-element-61293d2 e-flex e-con-boxed e-con e-child\" data-id=\"61293d2\" data-element_type=\"container\" data-e-type=\"container\">\n\t\t\t\t\t<div class=\"e-con-inner\">\n\t\t\t\t<div class=\"elementor-element elementor-element-c716a29 elementor-widget elementor-widget-heading\" data-id=\"c716a29\" data-element_type=\"widget\" data-e-type=\"widget\" data-widget_type=\"heading.default\">\n\t\t\t\t<div class=\"elementor-widget-container\">\n\t\t\t\t\t<h1 class=\"elementor-heading-title elementor-size-default\">Sch\u00e9ma du tunnelier EPB avec segments<\/h1>\t\t\t\t<\/div>\n\t\t\t\t<\/div>\n\t\t\t\t<div class=\"elementor-element elementor-element-ba0a063 elementor-widget elementor-widget-text-editor\" data-id=\"ba0a063\" data-element_type=\"widget\" data-e-type=\"widget\" data-widget_type=\"text-editor.default\">\n\t\t\t\t<div class=\"elementor-widget-container\">\n\t\t\t\t\t\t\t\t\t<p>Voici un sch\u00e9ma des principales parties d'un tunnelier EPB \u00e0 rev\u00eatement segmentaire. Tous ses composants se r\u00e9partissent en trois groupes principaux : le bouclier et la roue de coupe, le back up et, enfin, le train.<\/p>\t\t\t\t\t\t\t\t<\/div>\n\t\t\t\t<\/div>\n\t\t\t\t<div class=\"elementor-element elementor-element-d657235 elementor-icon-list--layout-traditional elementor-list-item-link-full_width elementor-widget elementor-widget-icon-list\" data-id=\"d657235\" data-element_type=\"widget\" data-e-type=\"widget\" data-widget_type=\"icon-list.default\">\n\t\t\t\t<div class=\"elementor-widget-container\">\n\t\t\t\t\t\t\t<ul class=\"elementor-icon-list-items\">\n\t\t\t\t\t\t\t<li class=\"elementor-icon-list-item\">\n\t\t\t\t\t\t\t\t\t\t\t<span class=\"elementor-icon-list-icon\">\n\t\t\t\t\t\t\t<svg aria-hidden=\"true\" class=\"e-font-icon-svg e-fas-check\" viewbox=\"0 0 512 512\" xmlns=\"http:\/\/www.w3.org\/2000\/svg\"><path d=\"M173.898 439.404l-166.4-166.4c-9.997-9.997-9.997-26.206 0-36.204l36.203-36.204c9.997-9.998 26.207-9.998 36.204 0L192 312.69 432.095 72.596c9.997-9.997 26.207-9.997 36.204 0l36.203 36.204c9.997 9.997 9.997 26.206 0 36.204l-294.4 294.401c-9.998 9.997-26.207 9.997-36.204-.001z\"><\/path><\/svg>\t\t\t\t\t\t<\/span>\n\t\t\t\t\t\t\t\t\t\t<span class=\"elementor-icon-list-text\">LE BOUCLIER est la partie principale du tunnelier. Il abrite l'entra\u00eenement de la roue de coupe, les v\u00e9rins de pouss\u00e9e et de guidage qui guident le tunnelier, la tari\u00e8re et l'\u00e9recteur de voussoirs pour construire le rev\u00eatement du tunnel, entre autres.<\/span>\n\t\t\t\t\t\t\t\t\t<\/li>\n\t\t\t\t\t\t\t\t<li class=\"elementor-icon-list-item\">\n\t\t\t\t\t\t\t\t\t\t\t<span class=\"elementor-icon-list-icon\">\n\t\t\t\t\t\t\t<svg aria-hidden=\"true\" class=\"e-font-icon-svg e-fas-check\" viewbox=\"0 0 512 512\" xmlns=\"http:\/\/www.w3.org\/2000\/svg\"><path d=\"M173.898 439.404l-166.4-166.4c-9.997-9.997-9.997-26.206 0-36.204l36.203-36.204c9.997-9.998 26.207-9.998 36.204 0L192 312.69 432.095 72.596c9.997-9.997 26.207-9.997 36.204 0l36.203 36.204c9.997 9.997 9.997 26.206 0 36.204l-294.4 294.401c-9.998 9.997-26.207 9.997-36.204-.001z\"><\/path><\/svg>\t\t\t\t\t\t<\/span>\n\t\t\t\t\t\t\t\t\t\t<span class=\"elementor-icon-list-text\"> LE BACK UP des tunneliers pour collecteurs mesure normalement plus de 80 m de long et abrite la cabine de commande, les moteurs principaux, le tapis d'extraction des gravats, la ventilation, le transformateur \u00e9lectrique et tous les tableaux de commande \u00e9lectriques, l'\u00e9quipement d'injection de mousse et de mortier, ainsi que les voies o\u00f9 le train sera log\u00e9, etc....<\/span>\n\t\t\t\t\t\t\t\t\t<\/li>\n\t\t\t\t\t\t\t\t<li class=\"elementor-icon-list-item\">\n\t\t\t\t\t\t\t\t\t\t\t<span class=\"elementor-icon-list-icon\">\n\t\t\t\t\t\t\t<svg aria-hidden=\"true\" class=\"e-font-icon-svg e-fas-check\" viewbox=\"0 0 512 512\" xmlns=\"http:\/\/www.w3.org\/2000\/svg\"><path d=\"M173.898 439.404l-166.4-166.4c-9.997-9.997-9.997-26.206 0-36.204l36.203-36.204c9.997-9.998 26.207-9.998 36.204 0L192 312.69 432.095 72.596c9.997-9.997 26.207-9.997 36.204 0l36.203 36.204c9.997 9.997 9.997 26.206 0 36.204l-294.4 294.401c-9.998 9.997-26.207 9.997-36.204-.001z\"><\/path><\/svg>\t\t\t\t\t\t<\/span>\n\t\t\t\t\t\t\t\t\t\t<span class=\"elementor-icon-list-text\">LE TRAIN est propuls\u00e9 par une locomotive \u00e9lectrique ou diesel semblable \u00e0 celles utilis\u00e9es dans de nombreuses exploitations mini\u00e8res. Il est \u00e9quip\u00e9 de wagons \u00e0 gravats pour l'extraction d'une avanc\u00e9e, ainsi que d'un wagon \u00e0 mortier pour le remblayage d'une avanc\u00e9e. Un wagon plat peut \u00e9galement \u00eatre install\u00e9 pour le transport de mat\u00e9riel ou de personnel.<\/span>\n\t\t\t\t\t\t\t\t\t<\/li>\n\t\t\t\t\t\t<\/ul>\n\t\t\t\t\t\t<\/div>\n\t\t\t\t<\/div>\n\t\t\t\t<div class=\"elementor-element elementor-element-a3fd999 elementor-align-center elementor-widget elementor-widget-button\" data-id=\"a3fd999\" data-element_type=\"widget\" data-e-type=\"widget\" data-widget_type=\"button.default\">\n\t\t\t\t<div class=\"elementor-widget-container\">\n\t\t\t\t\t\t\t\t\t<div class=\"elementor-button-wrapper\">\n\t\t\t\t\t<a class=\"elementor-button elementor-button-link elementor-size-sm\" href=\"https:\/\/eurohinca.com\/wp-content\/uploads\/2024\/02\/Esquema-EPB.jpg\">\n\t\t\t\t\t\t<span class=\"elementor-button-content-wrapper\">\n\t\t\t\t\t\t\t\t\t<span class=\"elementor-button-text\">Voir sch\u00e9ma<\/span>\n\t\t\t\t\t<\/span>\n\t\t\t\t\t<\/a>\n\t\t\t\t<\/div>\n\t\t\t\t\t\t\t\t<\/div>\n\t\t\t\t<\/div>\n\t\t\t\t\t<\/div>\n\t\t\t\t<\/div>\n\t\t<div class=\"elementor-element elementor-element-a2cc8da e-flex e-con-boxed e-con e-child\" data-id=\"a2cc8da\" data-element_type=\"container\" data-e-type=\"container\">\n\t\t\t\t\t<div class=\"e-con-inner\">\n\t\t<div class=\"elementor-element elementor-element-1588222 e-flex e-con-boxed e-con e-child\" data-id=\"1588222\" data-element_type=\"container\" data-e-type=\"container\">\n\t\t\t\t\t<div class=\"e-con-inner\">\n\t\t\t\t<div class=\"elementor-element elementor-element-087c837 elementor-pagination-type-progressbar elementor-skin-carousel elementor-arrows-yes elementor-pagination-position-outside elementor-widget elementor-widget-media-carousel\" data-id=\"087c837\" data-element_type=\"widget\" data-e-type=\"widget\" data-settings=\"{&quot;slides_per_view&quot;:&quot;1&quot;,&quot;slides_per_view_tablet&quot;:&quot;1&quot;,&quot;pagination&quot;:&quot;progressbar&quot;,&quot;skin&quot;:&quot;carousel&quot;,&quot;effect&quot;:&quot;slide&quot;,&quot;show_arrows&quot;:&quot;yes&quot;,&quot;speed&quot;:500,&quot;autoplay&quot;:&quot;yes&quot;,&quot;autoplay_speed&quot;:5000,&quot;loop&quot;:&quot;yes&quot;,&quot;pause_on_hover&quot;:&quot;yes&quot;,&quot;pause_on_interaction&quot;:&quot;yes&quot;,&quot;space_between&quot;:{&quot;unit&quot;:&quot;px&quot;,&quot;size&quot;:10,&quot;sizes&quot;:[]},&quot;space_between_tablet&quot;:{&quot;unit&quot;:&quot;px&quot;,&quot;size&quot;:10,&quot;sizes&quot;:[]},&quot;space_between_mobile&quot;:{&quot;unit&quot;:&quot;px&quot;,&quot;size&quot;:10,&quot;sizes&quot;:[]}}\" data-widget_type=\"media-carousel.default\">\n\t\t\t\t<div class=\"elementor-widget-container\">\n\t\t\t\t\t\t\t\t\t<div class=\"elementor-swiper\">\n\t\t\t\t\t<div class=\"elementor-main-swiper swiper\" role=\"region\" aria-roledescription=\"carousel\" aria-label=\"Diapositives\">\n\t\t\t\t<div class=\"swiper-wrapper\">\n\t\t\t\t\t\t\t\t\t\t\t<div class=\"swiper-slide\" role=\"group\" aria-roledescription=\"slide\">\n\t\t\t\t\t\t\t\t\t<div class=\"elementor-carousel-image\" role=\"img\" aria-label=\"locomotive epb dans un tunnel\" style=\"background-image: url(&#039;https:\/\/eurohinca.com\/wp-content\/uploads\/2024\/02\/EPB-locomotora-en-tunel.jpg&#039;)\">\n\n\t\t\t\n\t\t\t\t\t<\/div>\n\t\t\t\t\t\t\t\t<\/div>\n\t\t\t\t\t\t\t\t\t\t\t<div class=\"swiper-slide\" role=\"group\" aria-roledescription=\"slide\">\n\t\t\t\t\t\t\t\t\t<div class=\"elementor-carousel-image\" role=\"img\" aria-label=\"epb\" style=\"background-image: url(&#039;https:\/\/eurohinca.com\/wp-content\/uploads\/2024\/02\/Back-up-EPB.jpg&#039;)\">\n\n\t\t\t\n\t\t\t\t\t<\/div>\n\t\t\t\t\t\t\t\t<\/div>\n\t\t\t\t\t\t\t\t\t\t\t<div class=\"swiper-slide\" role=\"group\" aria-roledescription=\"slide\">\n\t\t\t\t\t\t\t\t\t<div class=\"elementor-carousel-image\" role=\"img\" aria-label=\"cabine de contr\u00f4le\" style=\"background-image: url(&#039;https:\/\/eurohinca.com\/wp-content\/uploads\/2024\/02\/Cabina-de-control-EPB.jpg&#039;)\">\n\n\t\t\t\n\t\t\t\t\t<\/div>\n\t\t\t\t\t\t\t\t<\/div>\n\t\t\t\t\t\t\t\t\t<\/div>\n\t\t\t\t\t\t\t\t\t\t\t\t\t\t\t<div class=\"elementor-swiper-button elementor-swiper-button-prev\" role=\"button\" tabindex=\"0\" aria-label=\"Pr\u00e9c\u00e9dent\" data-no-translation-aria-label=\"\">\n\t\t\t\t\t\t\t<svg aria-hidden=\"true\" class=\"e-font-icon-svg e-eicon-chevron-left\" viewbox=\"0 0 1000 1000\" xmlns=\"http:\/\/www.w3.org\/2000\/svg\"><path d=\"M646 125C629 125 613 133 604 142L308 442C296 454 292 471 292 487 292 504 296 521 308 533L604 854C617 867 629 875 646 875 663 875 679 871 692 858 704 846 713 829 713 812 713 796 708 779 692 767L438 487 692 225C700 217 708 204 708 187 708 171 704 154 692 142 675 129 663 125 646 125Z\"><\/path><\/svg>\t\t\t\t\t\t<\/div>\n\t\t\t\t\t\t<div class=\"elementor-swiper-button elementor-swiper-button-next\" role=\"button\" tabindex=\"0\" aria-label=\"Suivant\" data-no-translation-aria-label=\"\">\n\t\t\t\t\t\t\t<svg aria-hidden=\"true\" class=\"e-font-icon-svg e-eicon-chevron-right\" viewbox=\"0 0 1000 1000\" xmlns=\"http:\/\/www.w3.org\/2000\/svg\"><path d=\"M696 533C708 521 713 504 713 487 713 471 708 454 696 446L400 146C388 133 375 125 354 125 338 125 325 129 313 142 300 154 292 171 292 187 292 204 296 221 308 233L563 492 304 771C292 783 288 800 288 817 288 833 296 850 308 863 321 871 338 875 354 875 371 875 388 867 400 854L696 533Z\"><\/path><\/svg>\t\t\t\t\t\t<\/div>\n\t\t\t\t\t\t\t\t\t\t\t\t\t\t\t\t<div class=\"swiper-pagination\"><\/div>\n\t\t\t\t\t\t\t\t\t\t\t\t<\/div>\n\t\t\t\t<\/div>\n\t\t\t\t\t\t\t\t<\/div>\n\t\t\t\t<\/div>\n\t\t\t\t\t<\/div>\n\t\t\t\t<\/div>\n\t\t\t\t\t<\/div>\n\t\t\t\t<\/div>\n\t\t\t\t\t<\/div>\n\t\t\t\t<\/div>\n\t\t\t\t\t<\/div>\n\t\t\t\t<\/div>\n\t\t\t\t<\/div>","protected":false},"excerpt":{"rendered":"<p>Tuneladora EPB (Earth Preasure Balance) Esquema tuneladora EPB con dovelas A continuaci\u00f3n, se muestra un esquema de las partes principales de una tuneladora EPB con revestimiento con dovelas. Todos sus componenete se engloban en 3 grandes grupos: el escudo y rueda de corte, el back up y por \u00faltimo el tren. EL ESCUDO es la [&hellip;]<\/p>\n","protected":false},"author":4,"featured_media":0,"parent":0,"menu_order":0,"comment_status":"closed","ping_status":"closed","template":"","meta":{"footnotes":""},"class_list":["post-2274","page","type-page","status-publish","hentry"],"yoast_head":"<!-- This site is optimized with the Yoast SEO plugin v27.3 - https:\/\/yoast.com\/product\/yoast-seo-wordpress\/ -->\n<title>Esquema tuneladora EPB - Eurohinca<\/title>\n<meta name=\"robots\" content=\"index, follow, max-snippet:-1, max-image-preview:large, max-video-preview:-1\" \/>\n<link rel=\"canonical\" href=\"https:\/\/eurohinca.com\/fr\/schema-du-tunnelier-epb\/\" \/>\n<meta property=\"og:locale\" content=\"fr_FR\" \/>\n<meta property=\"og:type\" content=\"article\" \/>\n<meta property=\"og:title\" content=\"Esquema tuneladora EPB - Eurohinca\" \/>\n<meta property=\"og:description\" content=\"Tuneladora EPB (Earth Preasure Balance) Esquema tuneladora EPB con dovelas A continuaci\u00f3n, se muestra un esquema de las partes principales de una tuneladora EPB con revestimiento con dovelas. Todos sus componenete se engloban en 3 grandes grupos: el escudo y rueda de corte, el back up y por \u00faltimo el tren. EL ESCUDO es la [&hellip;]\" \/>\n<meta property=\"og:url\" content=\"https:\/\/eurohinca.com\/fr\/schema-du-tunnelier-epb\/\" \/>\n<meta property=\"og:site_name\" content=\"Eurohinca\" \/>\n<meta property=\"article:modified_time\" content=\"2024-04-04T15:32:26+00:00\" \/>\n<meta name=\"twitter:card\" content=\"summary_large_image\" \/>\n<script type=\"application\/ld+json\" class=\"yoast-schema-graph\">{\"@context\":\"https:\\\/\\\/schema.org\",\"@graph\":[{\"@type\":\"WebPage\",\"@id\":\"https:\\\/\\\/eurohinca.com\\\/en\\\/epb-tunnel-boring-machine-schematic\\\/\",\"url\":\"https:\\\/\\\/eurohinca.com\\\/en\\\/epb-tunnel-boring-machine-schematic\\\/\",\"name\":\"Esquema tuneladora EPB - Eurohinca\",\"isPartOf\":{\"@id\":\"https:\\\/\\\/eurohinca.com\\\/es\\\/#website\"},\"datePublished\":\"2024-04-04T15:31:17+00:00\",\"dateModified\":\"2024-04-04T15:32:26+00:00\",\"breadcrumb\":{\"@id\":\"https:\\\/\\\/eurohinca.com\\\/en\\\/epb-tunnel-boring-machine-schematic\\\/#breadcrumb\"},\"inLanguage\":\"fr-FR\",\"potentialAction\":[{\"@type\":\"ReadAction\",\"target\":[\"https:\\\/\\\/eurohinca.com\\\/en\\\/epb-tunnel-boring-machine-schematic\\\/\"]}]},{\"@type\":\"BreadcrumbList\",\"@id\":\"https:\\\/\\\/eurohinca.com\\\/en\\\/epb-tunnel-boring-machine-schematic\\\/#breadcrumb\",\"itemListElement\":[{\"@type\":\"ListItem\",\"position\":1,\"name\":\"Portada\",\"item\":\"https:\\\/\\\/eurohinca.com\\\/es\\\/\"},{\"@type\":\"ListItem\",\"position\":2,\"name\":\"Esquema tuneladora EPB\"}]},{\"@type\":\"WebSite\",\"@id\":\"https:\\\/\\\/eurohinca.com\\\/es\\\/#website\",\"url\":\"https:\\\/\\\/eurohinca.com\\\/es\\\/\",\"name\":\"Eurohinca\",\"description\":\"\",\"publisher\":{\"@id\":\"https:\\\/\\\/eurohinca.com\\\/es\\\/#organization\"},\"potentialAction\":[{\"@type\":\"SearchAction\",\"target\":{\"@type\":\"EntryPoint\",\"urlTemplate\":\"https:\\\/\\\/eurohinca.com\\\/es\\\/?s={search_term_string}\"},\"query-input\":{\"@type\":\"PropertyValueSpecification\",\"valueRequired\":true,\"valueName\":\"search_term_string\"}}],\"inLanguage\":\"fr-FR\"},{\"@type\":\"Organization\",\"@id\":\"https:\\\/\\\/eurohinca.com\\\/es\\\/#organization\",\"name\":\"Eurohinca\",\"url\":\"https:\\\/\\\/eurohinca.com\\\/es\\\/\",\"logo\":{\"@type\":\"ImageObject\",\"inLanguage\":\"fr-FR\",\"@id\":\"https:\\\/\\\/eurohinca.com\\\/es\\\/#\\\/schema\\\/logo\\\/image\\\/\",\"url\":\"https:\\\/\\\/eurohinca.com\\\/wp-content\\\/uploads\\\/2024\\\/01\\\/Logo-nuevo.png\",\"contentUrl\":\"https:\\\/\\\/eurohinca.com\\\/wp-content\\\/uploads\\\/2024\\\/01\\\/Logo-nuevo.png\",\"width\":512,\"height\":131,\"caption\":\"Eurohinca\"},\"image\":{\"@id\":\"https:\\\/\\\/eurohinca.com\\\/es\\\/#\\\/schema\\\/logo\\\/image\\\/\"}}]}<\/script>\n<!-- \/ Yoast SEO plugin. -->","yoast_head_json":{"title":"Sch\u00e9ma du tunnelier EPB - Eurohinca","robots":{"index":"index","follow":"follow","max-snippet":"max-snippet:-1","max-image-preview":"max-image-preview:large","max-video-preview":"max-video-preview:-1"},"canonical":"https:\/\/eurohinca.com\/fr\/schema-du-tunnelier-epb\/","og_locale":"fr_FR","og_type":"article","og_title":"Esquema tuneladora EPB - Eurohinca","og_description":"Tuneladora EPB (Earth Preasure Balance) Esquema tuneladora EPB con dovelas A continuaci\u00f3n, se muestra un esquema de las partes principales de una tuneladora EPB con revestimiento con dovelas. Todos sus componenete se engloban en 3 grandes grupos: el escudo y rueda de corte, el back up y por \u00faltimo el tren. EL ESCUDO es la [&hellip;]","og_url":"https:\/\/eurohinca.com\/fr\/schema-du-tunnelier-epb\/","og_site_name":"Eurohinca","article_modified_time":"2024-04-04T15:32:26+00:00","twitter_card":"summary_large_image","schema":{"@context":"https:\/\/schema.org","@graph":[{"@type":"WebPage","@id":"https:\/\/eurohinca.com\/en\/epb-tunnel-boring-machine-schematic\/","url":"https:\/\/eurohinca.com\/en\/epb-tunnel-boring-machine-schematic\/","name":"Sch\u00e9ma du tunnelier EPB - Eurohinca","isPartOf":{"@id":"https:\/\/eurohinca.com\/es\/#website"},"datePublished":"2024-04-04T15:31:17+00:00","dateModified":"2024-04-04T15:32:26+00:00","breadcrumb":{"@id":"https:\/\/eurohinca.com\/en\/epb-tunnel-boring-machine-schematic\/#breadcrumb"},"inLanguage":"fr-FR","potentialAction":[{"@type":"ReadAction","target":["https:\/\/eurohinca.com\/en\/epb-tunnel-boring-machine-schematic\/"]}]},{"@type":"BreadcrumbList","@id":"https:\/\/eurohinca.com\/en\/epb-tunnel-boring-machine-schematic\/#breadcrumb","itemListElement":[{"@type":"ListItem","position":1,"name":"Portada","item":"https:\/\/eurohinca.com\/es\/"},{"@type":"ListItem","position":2,"name":"Esquema tuneladora EPB"}]},{"@type":"WebSite","@id":"https:\/\/eurohinca.com\/es\/#website","url":"https:\/\/eurohinca.com\/es\/","name":"Eurohinca","description":"","publisher":{"@id":"https:\/\/eurohinca.com\/es\/#organization"},"potentialAction":[{"@type":"SearchAction","target":{"@type":"EntryPoint","urlTemplate":"https:\/\/eurohinca.com\/es\/?s={search_term_string}"},"query-input":{"@type":"PropertyValueSpecification","valueRequired":true,"valueName":"search_term_string"}}],"inLanguage":"fr-FR"},{"@type":"Organization","@id":"https:\/\/eurohinca.com\/es\/#organization","name":"Eurohinca","url":"https:\/\/eurohinca.com\/es\/","logo":{"@type":"ImageObject","inLanguage":"fr-FR","@id":"https:\/\/eurohinca.com\/es\/#\/schema\/logo\/image\/","url":"https:\/\/eurohinca.com\/wp-content\/uploads\/2024\/01\/Logo-nuevo.png","contentUrl":"https:\/\/eurohinca.com\/wp-content\/uploads\/2024\/01\/Logo-nuevo.png","width":512,"height":131,"caption":"Eurohinca"},"image":{"@id":"https:\/\/eurohinca.com\/es\/#\/schema\/logo\/image\/"}}]}},"_links":{"self":[{"href":"https:\/\/eurohinca.com\/fr\/wp-json\/wp\/v2\/pages\/2274","targetHints":{"allow":["GET"]}}],"collection":[{"href":"https:\/\/eurohinca.com\/fr\/wp-json\/wp\/v2\/pages"}],"about":[{"href":"https:\/\/eurohinca.com\/fr\/wp-json\/wp\/v2\/types\/page"}],"author":[{"embeddable":true,"href":"https:\/\/eurohinca.com\/fr\/wp-json\/wp\/v2\/users\/4"}],"replies":[{"embeddable":true,"href":"https:\/\/eurohinca.com\/fr\/wp-json\/wp\/v2\/comments?post=2274"}],"version-history":[{"count":0,"href":"https:\/\/eurohinca.com\/fr\/wp-json\/wp\/v2\/pages\/2274\/revisions"}],"wp:attachment":[{"href":"https:\/\/eurohinca.com\/fr\/wp-json\/wp\/v2\/media?parent=2274"}],"curies":[{"name":"wp","href":"https:\/\/api.w.org\/{rel}","templated":true}]}}