{"id":965,"date":"2024-02-03T09:07:08","date_gmt":"2024-02-03T09:07:08","guid":{"rendered":"https:\/\/eurohinca.es\/?page_id=965"},"modified":"2026-04-10T11:54:17","modified_gmt":"2026-04-10T11:54:17","slug":"aviso-legal","status":"publish","type":"page","link":"https:\/\/eurohinca.com\/es\/aviso-legal\/","title":{"rendered":"Aviso Legal"},"content":{"rendered":"\t\t<div data-elementor-type=\"wp-page\" data-elementor-id=\"965\" class=\"elementor elementor-965\" data-elementor-post-type=\"page\">\n\t\t\t\t\t\t<section class=\"elementor-section elementor-top-section elementor-element elementor-element-035d3e9 elementor-section-height-min-height elementor-section-boxed elementor-section-height-default elementor-section-items-middle\" data-id=\"035d3e9\" data-element_type=\"section\" data-e-type=\"section\" data-settings=\"{&quot;background_background&quot;:&quot;classic&quot;}\">\n\t\t\t\t\t\t\t<div class=\"elementor-background-overlay\"><\/div>\n\t\t\t\t\t\t\t<div class=\"elementor-container elementor-column-gap-default\">\n\t\t\t\t\t<div class=\"elementor-column elementor-col-50 elementor-top-column elementor-element elementor-element-dba92c5\" data-id=\"dba92c5\" data-element_type=\"column\" data-e-type=\"column\">\n\t\t\t<div class=\"elementor-widget-wrap elementor-element-populated\">\n\t\t\t\t\t\t<div class=\"elementor-element elementor-element-3e945dc elementor-widget elementor-widget-heading\" data-id=\"3e945dc\" data-element_type=\"widget\" data-e-type=\"widget\" data-widget_type=\"heading.default\">\n\t\t\t\t<div class=\"elementor-widget-container\">\n\t\t\t\t\t<h2 class=\"elementor-heading-title elementor-size-default\">Aviso Legal<\/h2>\t\t\t\t<\/div>\n\t\t\t\t<\/div>\n\t\t\t\t\t<\/div>\n\t\t<\/div>\n\t\t\t\t<div class=\"elementor-column elementor-col-50 elementor-top-column elementor-element elementor-element-0228d3c elementor-hidden-tablet elementor-hidden-phone\" data-id=\"0228d3c\" data-element_type=\"column\" data-e-type=\"column\">\n\t\t\t<div class=\"elementor-widget-wrap\">\n\t\t\t\t\t\t\t<\/div>\n\t\t<\/div>\n\t\t\t\t\t<\/div>\n\t\t<\/section>\n\t\t<div class=\"elementor-element elementor-element-090ee70 e-flex e-con-boxed e-con e-parent\" data-id=\"090ee70\" data-element_type=\"container\" data-e-type=\"container\">\n\t\t\t\t\t<div class=\"e-con-inner\">\n\t\t\t\t<div class=\"elementor-element elementor-element-ba206e4 elementor-widget elementor-widget-text-editor\" data-id=\"ba206e4\" data-element_type=\"widget\" data-e-type=\"widget\" data-widget_type=\"text-editor.default\">\n\t\t\t\t<div class=\"elementor-widget-container\">\n\t\t\t\t\t\t\t\t\t<h4 class=\"h4-EH\">Servicios de Informaci\u00f3n y Comercio Electr\u00f3nico<\/h4><p>En cumplimiento de lo establecido en el Art. 10 de la Ley 34\/2002, de 11 de julio, de Servicios de la Sociedad de la Informaci\u00f3n y Comercio Electr\u00f3nico (LSSI-CE), se informa que la titularidad de esta p\u00e1gina web es de Europea de Hincas Teledirigidas, S.A. (Eurohinca, S.A.), con domicilio social en Madrid, calle Juan de Arespacochaga y Felipe n\u00ba 12, 28037 Madrid, con C.I.F. n\u00famero A81396517, e inscrita en el Registro Mercantil de Madrid, al Tomo 26.807, Folio 141,Hoja M-168797. Tel\u00e9fono +34 914 237 500, Fax +34 914 237 501, correo electr\u00f3nico:\u00a0<a href=\"mailto:info@eurohinca.com\">\u00a0<span class=\"azul\">info@eurohinca.com<\/span><\/a>.<\/p><p>Esta p\u00e1gina proporciona informaci\u00f3n general sobre las actividades que Eurohinca desarrolla.<\/p><h4 class=\"h4-EH\">Cookies<\/h4><p>Esta web de Eurohinca, puede usar cookies propias y de terceros para analizar las preferencias y h\u00e1bitos de navegaci\u00f3n del usuario y optimizar el dise\u00f1o de la p\u00e1gina web.<\/p><p>Las cookies son peque\u00f1os ficheros que se almacenan temporalmente en el ordenador del usuario que navega a trav\u00e9s de Internet. Permiten navegar m\u00e1s c\u00f3modamente y una mayor facilidad en el uso de una p\u00e1gina web. Estas cookies contienen un n\u00famero que permiten identificar un\u00edvocamente el ordenador del usuario, aunque cambie de localizaci\u00f3n o de direcci\u00f3n IP, pero no le permiten establecer una relaci\u00f3n con una persona. La mayor\u00eda de los navegadores aceptan cookies autom\u00e1ticamente. Las cookies almacenadas en su sistema pueden ser eliminadas en cualquier momento.<\/p><p>El sitio web es accesible sin necesidad de que las cookies est\u00e9n activadas, si bien, su desactivaci\u00f3n puede impedir el correcto funcionamiento del mismo. Si usted navega por la p\u00e1gina web, entendemos que acepta su uso, recomendamos que lea atentamente nuestra Pol\u00edtica de cookies para tener informaci\u00f3n detallada sobre las cookies que emplea la presente p\u00e1gina web, las finalidades de su uso, as\u00ed como el modo de oponerse o revocar su consentimiento al uso de las mismas.<\/p><p>Las cookies que est\u00e1n siendo utilizadas en esta p\u00e1gina web son las que utiliza Google Analytics, un servicio de anal\u00edtica web desarrollada por Google, que permite la medici\u00f3n y an\u00e1lisis de la navegaci\u00f3n en las p\u00e1ginas web. En su navegador podr\u00e1 observar 4 cookies de este servicio. Puede encontrar m\u00e1s informaci\u00f3n al respecto e inhabilitar el uso de estas cookies\u00a0<a href=\"https:\/\/www.google.es\/intl\/es_ALL\/analytics\/learn\/index.html\" target=\"new\"><span class=\"azul\">www.google.es\/intl\/es_ALL\/analytics\/learn\/index.html<\/span><\/a>\u00a0Asimismo se descarga una cookie de tipo t\u00e9cnico denominada ASP.NET_SessionId. Esta cookie permite almacenar un identificador \u00fanico por sesi\u00f3n a trav\u00e9s del que es posible vincular datos necesarios para posibilitar la navegaci\u00f3n en curso.<\/p><p>Por \u00faltimo, se descarga una cookie de tipo t\u00e9cnico denominada cookies_policy , propia, de tipo t\u00e9cnico y de sesi\u00f3n. Gestiona el consentimiento del usuario para el uso de las cookies en la p\u00e1gina web, con el objeto de recordar aquellos usuarios que las han aceptado y aquellos que no, de modo que a los primeros no se les muestre informaci\u00f3n en la parte superior de la p\u00e1gina al respecto.<\/p><h4 class=\"h4-EH\">Condiciones generales de uso<\/h4><p>El dominio de Internet eurohinca.com (as\u00ed como eurohinca.es; esurohinca.cat; eurohinca.org\/net\/eu\/biz\/info) es de la titularidad de EUROPEA DE HINCAS TELEDIRIGIDAS. Calle Juan de Arespacochaga y Felipe n\u00ba 12, 28037 Madrid- Espa\u00f1a. Tel\u00e9fono: + 34 914 237 500.<\/p><p>EUROHINCA le informa que el acceso y uso de la P\u00e1gina Web\u00a0<a href=\"https:\/\/eurohinca.com\/es\/\"><span class=\"azul\">www.eurohinca.es<\/span><\/a>\u00a0y todos los subdominios incluidos bajo la misma (en adelante Web) as\u00ed como los servicios o contenidos que a trav\u00e9s de la misma se puedan obtener, est\u00e1n sujetos a los t\u00e9rminos que se detallan en esta Informaci\u00f3n Legal, sin perjuicio de que el acceso a alguno de dichos servicios o contenidos pudieran precisar de la aceptaci\u00f3n de unas Condiciones Generales Adicionales.<\/p><p>EUROHINCA se reserva el derecho a realizar cambios en la Web sin previo aviso, con el objeto de actualizar, corregir, modificar, a\u00f1adir o eliminar los contenidos de la misma o de su dise\u00f1o. Los contenidos y servicios que ofrece se actualizan peri\u00f3dicamente. Debido a que la actualizaci\u00f3n de la informaci\u00f3n no es inmediata, le sugerimos que compruebe siempre la vigencia y exactitud de la informaci\u00f3n, servicios y contenidos recogidos en la Web.<\/p><p>Eurohinca no garantiza la inexistencia de interrupciones o errores en el acceso a su web ni a sus diferentes contenidos.<\/p><p>Las condiciones y t\u00e9rminos que se recogen en el presente Aviso pueden variar, por lo que le invitamos a que revise estos t\u00e9rminos cuando visite de nuevo la web.<\/p><h4 class=\"h4-EH\">Derechos de propiedad intelectual y de propiedad industrial<\/h4><p>Todos los derechos derivados de la propiedad intelectual e industrial est\u00e1n expresamente reservados por EUROHINCA. El c\u00f3digo fuente, el software, los textos, los dise\u00f1os gr\u00e1ficos, las im\u00e1genes, las fotograf\u00edas, los sonidos, las animaciones, los logos, las marcas y dem\u00e1s signos distintivos, as\u00ed como la informaci\u00f3n y los contenidos recogidos a lo largo de toda la Web est\u00e1n protegidos por la legislaci\u00f3n espa\u00f1ola a favor de EUROHINCA.<\/p><p>Su uso, reproducci\u00f3n, distribuci\u00f3n, comunicaci\u00f3n p\u00fablica, transformaci\u00f3n o cualquier otra actividad similar o an\u00e1loga, queda totalmente prohibida salvo que medie expresa autorizaci\u00f3n de EUROHINCA o se cite expresamente su origen. La licencia de uso de cualquier contenido de esta Web otorgada al usuario se limita a la descarga por parte del usuario de dicho contenido y el uso privado del mismo, siempre que los citados contenidos permanezcan \u00edntegros. Quedando expresamente prohibido su uso con fines comerciales o cualquier otro uso que no sea personal y privado.<\/p><p>EUROHINCA velar\u00e1 por el cumplimiento de las anteriores condiciones como por la debida utilizaci\u00f3n de su propiedad intelectual e industrial ejercitando todas las acciones legales que le correspondan.<\/p><h4 class=\"h4-EH\">Links o Hiperenlaces<\/h4><p>EUROHINCA le facilita el acceso a otras P\u00e1ginas Web que consideramos pueden ser de su inter\u00e9s. El objetivo de dichos enlaces es \u00fanicamente facilitarle la b\u00fasqueda de los recursos que le puedan interesar a trav\u00e9s de Internet. No obstante, dichas p\u00e1ginas no le pertenecen, ni hace una revisi\u00f3n de sus contenidos y, por ello, no puede hacerse responsable de los mismos, del funcionamiento de la p\u00e1gina enlazada o de los posibles da\u00f1os que puedan derivarse del acceso o uso de la misma.<\/p><h4 class=\"h4-EH\">Privacidad<\/h4><p>De acuerdo con la Ley Org\u00e1nica 15\/1999, de 13 de diciembre, de Protecci\u00f3n de Datos de Car\u00e1cter Personal, las empresas filiales, participadas y asociadas a EUROHINCA como Empresas Responsables de la informaci\u00f3n se comprometen al cumplimiento de su obligaci\u00f3n de secreto con respecto a los datos de car\u00e1cter personal y al deber de tratarlos con confidencialidad. A estos efectos, adoptar\u00e1n las medidas necesarias para evitar su alteraci\u00f3n, p\u00e9rdida, tratamiento o acceso no autorizado.<\/p><p>La recogida y tratamiento de los datos personales tiene como finalidad la gesti\u00f3n, prestaci\u00f3n, ampliaci\u00f3n y mejora de los servicios solicitados en cada momento por el usuario y el seguimiento de consultas planteadas por los mismos.<\/p><p>Usted tendr\u00e1 la posibilidad de ejercer los derechos de acceso, rectificaci\u00f3n, cancelaci\u00f3n y oposici\u00f3n de sus datos personales que obran en los ficheros, solicit\u00e1ndolo por cualquier medio que deje constancia de su env\u00edo y de su recepci\u00f3n. Para ejercer sus derechos, podr\u00e1 dirigirse al correo electr\u00f3nico:<a href=\"mailto:LOPD@terratest.es\">\u00a0<span class=\"azul\">LOPD@terratest.es<\/span><\/a>\u00a0indicado en el asunto \ufffdLOPD\ufffd.<\/p><p>EUROHINCA mantiene los niveles de protecci\u00f3n de sus datos personales conforme al Real Decreto 1720\/2007, de 21 de Diciembre, como Reglamento de desarrollo de la Ley Org\u00e1nica 15\/1999, de 13 de diciembre de Protecci\u00f3n de Datos de Car\u00e1cter Personal, y ha establecido todos los medios t\u00e9cnicos a su alcance para evitar la p\u00e9rdida, mal uso, alteraci\u00f3n, acceso no autorizado y robo de los datos que Usted facilite, sin perjuicio de que las medidas de seguridad en Internet no sean inexpugnables.<\/p><p>EUROHINCA se reserva la facultad de modificar la presente Pol\u00edtica de Privacidad para adaptarla a las novedades legislativas, jurisprudenciales o de interpretaci\u00f3n de la Agencia Espa\u00f1ola de Protecci\u00f3n de Datos. En este caso, EUROHINCA anunciar\u00e1 dichos cambios, indicando claramente y con la debida antelaci\u00f3n las modificaciones efectuadas, y solicitando, en caso de que sea necesario, su aceptaci\u00f3n de dichos cambios.<\/p>\t\t\t\t\t\t\t\t<\/div>\n\t\t\t\t<\/div>\n\t\t\t\t\t<\/div>\n\t\t\t\t<\/div>\n\t\t\t\t<\/div>\n\t\t","protected":false},"excerpt":{"rendered":"<p>Aviso Legal Servicios de Informaci\u00f3n y Comercio Electr\u00f3nico En cumplimiento de lo establecido en el Art. 10 de la Ley 34\/2002, de 11 de julio, de Servicios de la Sociedad de la Informaci\u00f3n y Comercio Electr\u00f3nico (LSSI-CE), se informa que la titularidad de esta p\u00e1gina web es de Europea de Hincas Teledirigidas, S.A. (Eurohinca, S.A.), [&hellip;]<\/p>\n","protected":false},"author":4,"featured_media":0,"parent":0,"menu_order":0,"comment_status":"closed","ping_status":"closed","template":"","meta":{"footnotes":""},"class_list":["post-965","page","type-page","status-publish","hentry"],"yoast_head":"<!-- This site is optimized with the Yoast SEO plugin v27.3 - https:\/\/yoast.com\/product\/yoast-seo-wordpress\/ -->\n<title>Aviso legal del sitio web | Eurohinca<\/title>\n<meta name=\"robots\" content=\"index, follow, max-snippet:-1, max-image-preview:large, max-video-preview:-1\" \/>\n<link rel=\"canonical\" href=\"https:\/\/eurohinca.com\/es\/aviso-legal\/\" \/>\n<meta property=\"og:locale\" content=\"es_ES\" \/>\n<meta property=\"og:type\" content=\"article\" \/>\n<meta property=\"og:title\" content=\"Aviso legal del sitio web | Eurohinca\" \/>\n<meta property=\"og:description\" content=\"Aviso Legal Servicios de Informaci\u00f3n y Comercio Electr\u00f3nico En cumplimiento de lo establecido en el Art. 10 de la Ley 34\/2002, de 11 de julio, de Servicios de la Sociedad de la Informaci\u00f3n y Comercio Electr\u00f3nico (LSSI-CE), se informa que la titularidad de esta p\u00e1gina web es de Europea de Hincas Teledirigidas, S.A. (Eurohinca, S.A.), [&hellip;]\" \/>\n<meta property=\"og:url\" content=\"https:\/\/eurohinca.com\/es\/aviso-legal\/\" \/>\n<meta property=\"og:site_name\" content=\"Eurohinca\" \/>\n<meta property=\"article:modified_time\" content=\"2026-04-10T11:54:17+00:00\" \/>\n<meta name=\"twitter:card\" content=\"summary_large_image\" \/>\n<meta name=\"twitter:label1\" content=\"Tiempo de lectura\" \/>\n\t<meta name=\"twitter:data1\" content=\"6 minutos\" \/>\n<script type=\"application\/ld+json\" class=\"yoast-schema-graph\">{\"@context\":\"https:\\\/\\\/schema.org\",\"@graph\":[{\"@type\":\"WebPage\",\"@id\":\"https:\\\/\\\/eurohinca.com\\\/aviso-legal\\\/\",\"url\":\"https:\\\/\\\/eurohinca.com\\\/aviso-legal\\\/\",\"name\":\"Aviso legal del sitio web | Eurohinca\",\"isPartOf\":{\"@id\":\"https:\\\/\\\/eurohinca.com\\\/es\\\/#website\"},\"datePublished\":\"2024-02-03T09:07:08+00:00\",\"dateModified\":\"2026-04-10T11:54:17+00:00\",\"breadcrumb\":{\"@id\":\"https:\\\/\\\/eurohinca.com\\\/aviso-legal\\\/#breadcrumb\"},\"inLanguage\":\"es\",\"potentialAction\":[{\"@type\":\"ReadAction\",\"target\":[\"https:\\\/\\\/eurohinca.com\\\/aviso-legal\\\/\"]}]},{\"@type\":\"BreadcrumbList\",\"@id\":\"https:\\\/\\\/eurohinca.com\\\/aviso-legal\\\/#breadcrumb\",\"itemListElement\":[{\"@type\":\"ListItem\",\"position\":1,\"name\":\"Portada\",\"item\":\"https:\\\/\\\/eurohinca.com\\\/es\\\/\"},{\"@type\":\"ListItem\",\"position\":2,\"name\":\"Aviso Legal\"}]},{\"@type\":\"WebSite\",\"@id\":\"https:\\\/\\\/eurohinca.com\\\/es\\\/#website\",\"url\":\"https:\\\/\\\/eurohinca.com\\\/es\\\/\",\"name\":\"Eurohinca\",\"description\":\"\",\"publisher\":{\"@id\":\"https:\\\/\\\/eurohinca.com\\\/es\\\/#organization\"},\"potentialAction\":[{\"@type\":\"SearchAction\",\"target\":{\"@type\":\"EntryPoint\",\"urlTemplate\":\"https:\\\/\\\/eurohinca.com\\\/es\\\/?s={search_term_string}\"},\"query-input\":{\"@type\":\"PropertyValueSpecification\",\"valueRequired\":true,\"valueName\":\"search_term_string\"}}],\"inLanguage\":\"es\"},{\"@type\":\"Organization\",\"@id\":\"https:\\\/\\\/eurohinca.com\\\/es\\\/#organization\",\"name\":\"Eurohinca\",\"url\":\"https:\\\/\\\/eurohinca.com\\\/es\\\/\",\"logo\":{\"@type\":\"ImageObject\",\"inLanguage\":\"es\",\"@id\":\"https:\\\/\\\/eurohinca.com\\\/es\\\/#\\\/schema\\\/logo\\\/image\\\/\",\"url\":\"https:\\\/\\\/eurohinca.com\\\/wp-content\\\/uploads\\\/2024\\\/01\\\/Logo-nuevo.png\",\"contentUrl\":\"https:\\\/\\\/eurohinca.com\\\/wp-content\\\/uploads\\\/2024\\\/01\\\/Logo-nuevo.png\",\"width\":512,\"height\":131,\"caption\":\"Eurohinca\"},\"image\":{\"@id\":\"https:\\\/\\\/eurohinca.com\\\/es\\\/#\\\/schema\\\/logo\\\/image\\\/\"}}]}<\/script>\n<!-- \/ Yoast SEO plugin. -->","yoast_head_json":{"title":"Aviso legal del sitio web | Eurohinca","robots":{"index":"index","follow":"follow","max-snippet":"max-snippet:-1","max-image-preview":"max-image-preview:large","max-video-preview":"max-video-preview:-1"},"canonical":"https:\/\/eurohinca.com\/es\/aviso-legal\/","og_locale":"es_ES","og_type":"article","og_title":"Aviso legal del sitio web | Eurohinca","og_description":"Aviso Legal Servicios de Informaci\u00f3n y Comercio Electr\u00f3nico En cumplimiento de lo establecido en el Art. 10 de la Ley 34\/2002, de 11 de julio, de Servicios de la Sociedad de la Informaci\u00f3n y Comercio Electr\u00f3nico (LSSI-CE), se informa que la titularidad de esta p\u00e1gina web es de Europea de Hincas Teledirigidas, S.A. (Eurohinca, S.A.), [&hellip;]","og_url":"https:\/\/eurohinca.com\/es\/aviso-legal\/","og_site_name":"Eurohinca","article_modified_time":"2026-04-10T11:54:17+00:00","twitter_card":"summary_large_image","twitter_misc":{"Tiempo de lectura":"6 minutos"},"schema":{"@context":"https:\/\/schema.org","@graph":[{"@type":"WebPage","@id":"https:\/\/eurohinca.com\/aviso-legal\/","url":"https:\/\/eurohinca.com\/aviso-legal\/","name":"Aviso legal del sitio web | Eurohinca","isPartOf":{"@id":"https:\/\/eurohinca.com\/es\/#website"},"datePublished":"2024-02-03T09:07:08+00:00","dateModified":"2026-04-10T11:54:17+00:00","breadcrumb":{"@id":"https:\/\/eurohinca.com\/aviso-legal\/#breadcrumb"},"inLanguage":"es","potentialAction":[{"@type":"ReadAction","target":["https:\/\/eurohinca.com\/aviso-legal\/"]}]},{"@type":"BreadcrumbList","@id":"https:\/\/eurohinca.com\/aviso-legal\/#breadcrumb","itemListElement":[{"@type":"ListItem","position":1,"name":"Portada","item":"https:\/\/eurohinca.com\/es\/"},{"@type":"ListItem","position":2,"name":"Aviso Legal"}]},{"@type":"WebSite","@id":"https:\/\/eurohinca.com\/es\/#website","url":"https:\/\/eurohinca.com\/es\/","name":"Eurohinca","description":"","publisher":{"@id":"https:\/\/eurohinca.com\/es\/#organization"},"potentialAction":[{"@type":"SearchAction","target":{"@type":"EntryPoint","urlTemplate":"https:\/\/eurohinca.com\/es\/?s={search_term_string}"},"query-input":{"@type":"PropertyValueSpecification","valueRequired":true,"valueName":"search_term_string"}}],"inLanguage":"es"},{"@type":"Organization","@id":"https:\/\/eurohinca.com\/es\/#organization","name":"Eurohinca","url":"https:\/\/eurohinca.com\/es\/","logo":{"@type":"ImageObject","inLanguage":"es","@id":"https:\/\/eurohinca.com\/es\/#\/schema\/logo\/image\/","url":"https:\/\/eurohinca.com\/wp-content\/uploads\/2024\/01\/Logo-nuevo.png","contentUrl":"https:\/\/eurohinca.com\/wp-content\/uploads\/2024\/01\/Logo-nuevo.png","width":512,"height":131,"caption":"Eurohinca"},"image":{"@id":"https:\/\/eurohinca.com\/es\/#\/schema\/logo\/image\/"}}]}},"_links":{"self":[{"href":"https:\/\/eurohinca.com\/es\/wp-json\/wp\/v2\/pages\/965","targetHints":{"allow":["GET"]}}],"collection":[{"href":"https:\/\/eurohinca.com\/es\/wp-json\/wp\/v2\/pages"}],"about":[{"href":"https:\/\/eurohinca.com\/es\/wp-json\/wp\/v2\/types\/page"}],"author":[{"embeddable":true,"href":"https:\/\/eurohinca.com\/es\/wp-json\/wp\/v2\/users\/4"}],"replies":[{"embeddable":true,"href":"https:\/\/eurohinca.com\/es\/wp-json\/wp\/v2\/comments?post=965"}],"version-history":[{"count":1,"href":"https:\/\/eurohinca.com\/es\/wp-json\/wp\/v2\/pages\/965\/revisions"}],"predecessor-version":[{"id":5545,"href":"https:\/\/eurohinca.com\/es\/wp-json\/wp\/v2\/pages\/965\/revisions\/5545"}],"wp:attachment":[{"href":"https:\/\/eurohinca.com\/es\/wp-json\/wp\/v2\/media?parent=965"}],"curies":[{"name":"wp","href":"https:\/\/api.w.org\/{rel}","templated":true}]}}