{"id":1382,"date":"2024-02-05T13:17:16","date_gmt":"2024-02-05T13:17:16","guid":{"rendered":"https:\/\/eurohinca.es\/?page_id=1382"},"modified":"2024-04-04T15:06:08","modified_gmt":"2024-04-04T15:06:08","slug":"esquema-epb-dovelas","status":"publish","type":"page","link":"https:\/\/eurohinca.com\/es\/esquema-epb-dovelas\/","title":{"rendered":"Esquema EPB dovelas"},"content":{"rendered":"\t\t<div data-elementor-type=\"wp-page\" data-elementor-id=\"1382\" class=\"elementor elementor-1382\" data-elementor-post-type=\"page\">\n\t\t\t\t<div class=\"elementor-element elementor-element-6b2ce2a e-flex e-con-boxed e-con e-parent\" data-id=\"6b2ce2a\" data-element_type=\"container\" data-e-type=\"container\" data-settings=\"{&quot;background_background&quot;:&quot;classic&quot;}\">\n\t\t\t\t\t<div class=\"e-con-inner\">\n\t\t<div class=\"elementor-element elementor-element-f1c7d27 e-con-full e-flex e-con e-child\" data-id=\"f1c7d27\" data-element_type=\"container\" data-e-type=\"container\">\n\t\t\t\t<div class=\"elementor-element elementor-element-40a3d60 elementor-widget elementor-widget-heading\" data-id=\"40a3d60\" data-element_type=\"widget\" data-e-type=\"widget\" data-widget_type=\"heading.default\">\n\t\t\t\t<div class=\"elementor-widget-container\">\n\t\t\t\t\t<h1 class=\"elementor-heading-title elementor-size-default\">Tuneladora EPB (Earth Preasure Balance)<\/h1>\t\t\t\t<\/div>\n\t\t\t\t<\/div>\n\t\t\t\t<\/div>\n\t\t\t\t\t<\/div>\n\t\t\t\t<\/div>\n\t\t<div class=\"elementor-element elementor-element-48404f0 e-flex e-con-boxed e-con e-parent\" data-id=\"48404f0\" data-element_type=\"container\" data-e-type=\"container\">\n\t\t\t\t\t<div class=\"e-con-inner\">\n\t\t<div class=\"elementor-element elementor-element-63a82b1 e-grid e-con-boxed e-con e-child\" data-id=\"63a82b1\" data-element_type=\"container\" data-e-type=\"container\">\n\t\t\t\t\t<div class=\"e-con-inner\">\n\t\t<div class=\"elementor-element elementor-element-46b93d8 e-flex e-con-boxed e-con e-child\" data-id=\"46b93d8\" data-element_type=\"container\" data-e-type=\"container\">\n\t\t\t\t\t<div class=\"e-con-inner\">\n\t\t\t\t<div class=\"elementor-element elementor-element-12ff575 elementor-widget elementor-widget-heading\" data-id=\"12ff575\" data-element_type=\"widget\" data-e-type=\"widget\" data-widget_type=\"heading.default\">\n\t\t\t\t<div class=\"elementor-widget-container\">\n\t\t\t\t\t<h1 class=\"elementor-heading-title elementor-size-default\">Esquema tuneladora EPB con dovelas<\/h1>\t\t\t\t<\/div>\n\t\t\t\t<\/div>\n\t\t\t\t<div class=\"elementor-element elementor-element-e31de74 elementor-widget elementor-widget-text-editor\" data-id=\"e31de74\" data-element_type=\"widget\" data-e-type=\"widget\" data-widget_type=\"text-editor.default\">\n\t\t\t\t<div class=\"elementor-widget-container\">\n\t\t\t\t\t\t\t\t\t<p>A continuaci\u00f3n, se muestra un esquema de las partes principales de una tuneladora EPB con revestimiento con dovelas. Todos sus componenete se engloban en 3 grandes grupos: el escudo y rueda de corte, el back up y por \u00faltimo el tren.<\/p>\t\t\t\t\t\t\t\t<\/div>\n\t\t\t\t<\/div>\n\t\t\t\t<div class=\"elementor-element elementor-element-58de471 elementor-icon-list--layout-traditional elementor-list-item-link-full_width elementor-widget elementor-widget-icon-list\" data-id=\"58de471\" data-element_type=\"widget\" data-e-type=\"widget\" data-widget_type=\"icon-list.default\">\n\t\t\t\t<div class=\"elementor-widget-container\">\n\t\t\t\t\t\t\t<ul class=\"elementor-icon-list-items\">\n\t\t\t\t\t\t\t<li class=\"elementor-icon-list-item\">\n\t\t\t\t\t\t\t\t\t\t\t<span class=\"elementor-icon-list-icon\">\n\t\t\t\t\t\t\t<svg aria-hidden=\"true\" class=\"e-font-icon-svg e-fas-check\" viewBox=\"0 0 512 512\" xmlns=\"http:\/\/www.w3.org\/2000\/svg\"><path d=\"M173.898 439.404l-166.4-166.4c-9.997-9.997-9.997-26.206 0-36.204l36.203-36.204c9.997-9.998 26.207-9.998 36.204 0L192 312.69 432.095 72.596c9.997-9.997 26.207-9.997 36.204 0l36.203 36.204c9.997 9.997 9.997 26.206 0 36.204l-294.4 294.401c-9.998 9.997-26.207 9.997-36.204-.001z\"><\/path><\/svg>\t\t\t\t\t\t<\/span>\n\t\t\t\t\t\t\t\t\t\t<span class=\"elementor-icon-list-text\">EL ESCUDO es la parte principal de la tuneladora. Aqu\u00ed se aloja el accionamiento de la rueda de corte, los cilindros de empuje y los de orientaci\u00f3n que gu\u00edan la tuneladora, el tornillo sinf\u00edn y el erector de dovelas para construir el revestimiento del t\u00fanel, entre otros.<\/span>\n\t\t\t\t\t\t\t\t\t<\/li>\n\t\t\t\t\t\t\t\t<li class=\"elementor-icon-list-item\">\n\t\t\t\t\t\t\t\t\t\t\t<span class=\"elementor-icon-list-icon\">\n\t\t\t\t\t\t\t<svg aria-hidden=\"true\" class=\"e-font-icon-svg e-fas-check\" viewBox=\"0 0 512 512\" xmlns=\"http:\/\/www.w3.org\/2000\/svg\"><path d=\"M173.898 439.404l-166.4-166.4c-9.997-9.997-9.997-26.206 0-36.204l36.203-36.204c9.997-9.998 26.207-9.998 36.204 0L192 312.69 432.095 72.596c9.997-9.997 26.207-9.997 36.204 0l36.203 36.204c9.997 9.997 9.997 26.206 0 36.204l-294.4 294.401c-9.998 9.997-26.207 9.997-36.204-.001z\"><\/path><\/svg>\t\t\t\t\t\t<\/span>\n\t\t\t\t\t\t\t\t\t\t<span class=\"elementor-icon-list-text\"> EL BACK UP de tuneladoras para colectores es normalmente de m\u00e1s de 80 m. de longitud donde se alojan la cabina de mando, los motores principales, la cinta de extracci\u00f3n del escombro, la ventilaci\u00f3n, el transformador el\u00e9ctrico y todos los paneles el\u00e9ctricos de control, el equipo de inyecci\u00f3n de espuma y de mortero, as\u00ed como las v\u00edas donde se alojar\u00e1 el tren, etc...<\/span>\n\t\t\t\t\t\t\t\t\t<\/li>\n\t\t\t\t\t\t\t\t<li class=\"elementor-icon-list-item\">\n\t\t\t\t\t\t\t\t\t\t\t<span class=\"elementor-icon-list-icon\">\n\t\t\t\t\t\t\t<svg aria-hidden=\"true\" class=\"e-font-icon-svg e-fas-check\" viewBox=\"0 0 512 512\" xmlns=\"http:\/\/www.w3.org\/2000\/svg\"><path d=\"M173.898 439.404l-166.4-166.4c-9.997-9.997-9.997-26.206 0-36.204l36.203-36.204c9.997-9.998 26.207-9.998 36.204 0L192 312.69 432.095 72.596c9.997-9.997 26.207-9.997 36.204 0l36.203 36.204c9.997 9.997 9.997 26.206 0 36.204l-294.4 294.401c-9.998 9.997-26.207 9.997-36.204-.001z\"><\/path><\/svg>\t\t\t\t\t\t<\/span>\n\t\t\t\t\t\t\t\t\t\t<span class=\"elementor-icon-list-text\">El TREN est\u00e1 movido por una locomotora el\u00e9ctrica o diesel parecida a las utilizadas en numerosas explotaciones mineras. Dispone de vagones de escombro para la extracci\u00f3n de un avance, as\u00ed como de un vag\u00f3n de mortero para el relleno del trasd\u00f3s tambi\u00e9n de un avance. A parte se puede incorporar un vag\u00f3n plano para el trasporte de material o de personal.<\/span>\n\t\t\t\t\t\t\t\t\t<\/li>\n\t\t\t\t\t\t<\/ul>\n\t\t\t\t\t\t<\/div>\n\t\t\t\t<\/div>\n\t\t\t\t<div class=\"elementor-element elementor-element-7996058 elementor-align-center elementor-widget elementor-widget-button\" data-id=\"7996058\" data-element_type=\"widget\" data-e-type=\"widget\" data-widget_type=\"button.default\">\n\t\t\t\t<div class=\"elementor-widget-container\">\n\t\t\t\t\t\t\t\t\t<div class=\"elementor-button-wrapper\">\n\t\t\t\t\t<a class=\"elementor-button elementor-button-link elementor-size-sm\" href=\"https:\/\/eurohinca.com\/wp-content\/uploads\/2024\/02\/Esquema-EPB.jpg\">\n\t\t\t\t\t\t<span class=\"elementor-button-content-wrapper\">\n\t\t\t\t\t\t\t\t\t<span class=\"elementor-button-text\">Ver esquema<\/span>\n\t\t\t\t\t<\/span>\n\t\t\t\t\t<\/a>\n\t\t\t\t<\/div>\n\t\t\t\t\t\t\t\t<\/div>\n\t\t\t\t<\/div>\n\t\t\t\t\t<\/div>\n\t\t\t\t<\/div>\n\t\t<div class=\"elementor-element elementor-element-337c3d4 e-flex e-con-boxed e-con e-child\" data-id=\"337c3d4\" data-element_type=\"container\" data-e-type=\"container\">\n\t\t\t\t\t<div class=\"e-con-inner\">\n\t\t<div class=\"elementor-element elementor-element-7926986 e-flex e-con-boxed e-con e-child\" data-id=\"7926986\" data-element_type=\"container\" data-e-type=\"container\">\n\t\t\t\t\t<div class=\"e-con-inner\">\n\t\t\t\t<div class=\"elementor-element elementor-element-a989133 elementor-pagination-type-progressbar elementor-skin-carousel elementor-arrows-yes elementor-pagination-position-outside elementor-widget elementor-widget-media-carousel\" data-id=\"a989133\" data-element_type=\"widget\" data-e-type=\"widget\" data-settings=\"{&quot;slides_per_view&quot;:&quot;1&quot;,&quot;slides_per_view_tablet&quot;:&quot;1&quot;,&quot;pagination&quot;:&quot;progressbar&quot;,&quot;skin&quot;:&quot;carousel&quot;,&quot;effect&quot;:&quot;slide&quot;,&quot;show_arrows&quot;:&quot;yes&quot;,&quot;speed&quot;:500,&quot;autoplay&quot;:&quot;yes&quot;,&quot;autoplay_speed&quot;:5000,&quot;loop&quot;:&quot;yes&quot;,&quot;pause_on_hover&quot;:&quot;yes&quot;,&quot;pause_on_interaction&quot;:&quot;yes&quot;,&quot;space_between&quot;:{&quot;unit&quot;:&quot;px&quot;,&quot;size&quot;:10,&quot;sizes&quot;:[]},&quot;space_between_tablet&quot;:{&quot;unit&quot;:&quot;px&quot;,&quot;size&quot;:10,&quot;sizes&quot;:[]},&quot;space_between_mobile&quot;:{&quot;unit&quot;:&quot;px&quot;,&quot;size&quot;:10,&quot;sizes&quot;:[]}}\" data-widget_type=\"media-carousel.default\">\n\t\t\t\t<div class=\"elementor-widget-container\">\n\t\t\t\t\t\t\t\t\t<div class=\"elementor-swiper\">\n\t\t\t\t\t<div class=\"elementor-main-swiper swiper\" role=\"region\" aria-roledescription=\"carousel\" aria-label=\"Diapositivas\">\n\t\t\t\t<div class=\"swiper-wrapper\">\n\t\t\t\t\t\t\t\t\t\t\t<div class=\"swiper-slide\" role=\"group\" aria-roledescription=\"slide\">\n\t\t\t\t\t\t\t\t\t<div class=\"elementor-carousel-image\" role=\"img\" aria-label=\"epb locomotora en tunel\" style=\"background-image: url(&#039;https:\/\/eurohinca.com\/wp-content\/uploads\/2024\/02\/EPB-locomotora-en-tunel.jpg&#039;)\">\n\n\t\t\t\n\t\t\t\t\t<\/div>\n\t\t\t\t\t\t\t\t<\/div>\n\t\t\t\t\t\t\t\t\t\t\t<div class=\"swiper-slide\" role=\"group\" aria-roledescription=\"slide\">\n\t\t\t\t\t\t\t\t\t<div class=\"elementor-carousel-image\" role=\"img\" aria-label=\"epb\" style=\"background-image: url(&#039;https:\/\/eurohinca.com\/wp-content\/uploads\/2024\/02\/Back-up-EPB.jpg&#039;)\">\n\n\t\t\t\n\t\t\t\t\t<\/div>\n\t\t\t\t\t\t\t\t<\/div>\n\t\t\t\t\t\t\t\t\t\t\t<div class=\"swiper-slide\" role=\"group\" aria-roledescription=\"slide\">\n\t\t\t\t\t\t\t\t\t<div class=\"elementor-carousel-image\" role=\"img\" aria-label=\"cabina de control\" style=\"background-image: url(&#039;https:\/\/eurohinca.com\/wp-content\/uploads\/2024\/02\/Cabina-de-control-EPB.jpg&#039;)\">\n\n\t\t\t\n\t\t\t\t\t<\/div>\n\t\t\t\t\t\t\t\t<\/div>\n\t\t\t\t\t\t\t\t\t<\/div>\n\t\t\t\t\t\t\t\t\t\t\t\t\t\t\t<div class=\"elementor-swiper-button elementor-swiper-button-prev\" role=\"button\" tabindex=\"0\" aria-label=\"Anterior\">\n\t\t\t\t\t\t\t<svg aria-hidden=\"true\" class=\"e-font-icon-svg e-eicon-chevron-left\" viewBox=\"0 0 1000 1000\" xmlns=\"http:\/\/www.w3.org\/2000\/svg\"><path d=\"M646 125C629 125 613 133 604 142L308 442C296 454 292 471 292 487 292 504 296 521 308 533L604 854C617 867 629 875 646 875 663 875 679 871 692 858 704 846 713 829 713 812 713 796 708 779 692 767L438 487 692 225C700 217 708 204 708 187 708 171 704 154 692 142 675 129 663 125 646 125Z\"><\/path><\/svg>\t\t\t\t\t\t<\/div>\n\t\t\t\t\t\t<div class=\"elementor-swiper-button elementor-swiper-button-next\" role=\"button\" tabindex=\"0\" aria-label=\"Siguiente\">\n\t\t\t\t\t\t\t<svg aria-hidden=\"true\" class=\"e-font-icon-svg e-eicon-chevron-right\" viewBox=\"0 0 1000 1000\" xmlns=\"http:\/\/www.w3.org\/2000\/svg\"><path d=\"M696 533C708 521 713 504 713 487 713 471 708 454 696 446L400 146C388 133 375 125 354 125 338 125 325 129 313 142 300 154 292 171 292 187 292 204 296 221 308 233L563 492 304 771C292 783 288 800 288 817 288 833 296 850 308 863 321 871 338 875 354 875 371 875 388 867 400 854L696 533Z\"><\/path><\/svg>\t\t\t\t\t\t<\/div>\n\t\t\t\t\t\t\t\t\t\t\t\t\t\t\t\t<div class=\"swiper-pagination\"><\/div>\n\t\t\t\t\t\t\t\t\t\t\t\t<\/div>\n\t\t\t\t<\/div>\n\t\t\t\t\t\t\t\t<\/div>\n\t\t\t\t<\/div>\n\t\t\t\t\t<\/div>\n\t\t\t\t<\/div>\n\t\t\t\t\t<\/div>\n\t\t\t\t<\/div>\n\t\t\t\t\t<\/div>\n\t\t\t\t<\/div>\n\t\t\t\t\t<\/div>\n\t\t\t\t<\/div>\n\t\t\t\t<\/div>\n\t\t","protected":false},"excerpt":{"rendered":"<p>Tuneladora EPB (Earth Preasure Balance) Esquema tuneladora EPB con dovelas A continuaci\u00f3n, se muestra un esquema de las partes principales de una tuneladora EPB con revestimiento con dovelas. Todos sus componenete se engloban en 3 grandes grupos: el escudo y rueda de corte, el back up y por \u00faltimo el tren. EL ESCUDO es la [&hellip;]<\/p>\n","protected":false},"author":2,"featured_media":1883,"parent":0,"menu_order":0,"comment_status":"closed","ping_status":"closed","template":"","meta":{"footnotes":""},"class_list":["post-1382","page","type-page","status-publish","has-post-thumbnail","hentry"],"yoast_head":"<!-- This site is optimized with the Yoast SEO plugin v27.4 - https:\/\/yoast.com\/product\/yoast-seo-wordpress\/ -->\n<title>Tuneladoras EPB dovelas - Eurohinca<\/title>\n<meta name=\"description\" content=\"Las tuneladoras EPB o de balance de presi\u00f3n de tierras sostienen el frente con la presi\u00f3n ejercida por el terreno del interior de la c\u00e1mara de excavaci\u00f3n, que es evacuado mediante un tornillo sinf\u00edn de velocidad variable para poder controlar la extracci\u00f3n del material.\" \/>\n<meta name=\"robots\" content=\"index, follow, max-snippet:-1, max-image-preview:large, max-video-preview:-1\" \/>\n<link rel=\"canonical\" href=\"https:\/\/eurohinca.com\/es\/esquema-epb-dovelas\/\" \/>\n<meta property=\"og:locale\" content=\"es_ES\" \/>\n<meta property=\"og:type\" content=\"article\" \/>\n<meta property=\"og:title\" content=\"Tuneladoras EPB dovelas - Eurohinca\" \/>\n<meta property=\"og:description\" content=\"Las tuneladoras EPB o de balance de presi\u00f3n de tierras sostienen el frente con la presi\u00f3n ejercida por el terreno del interior de la c\u00e1mara de excavaci\u00f3n, que es evacuado mediante un tornillo sinf\u00edn de velocidad variable para poder controlar la extracci\u00f3n del material.\" \/>\n<meta property=\"og:url\" content=\"https:\/\/eurohinca.com\/es\/esquema-epb-dovelas\/\" \/>\n<meta property=\"og:site_name\" content=\"Eurohinca\" \/>\n<meta property=\"article:modified_time\" content=\"2024-04-04T15:06:08+00:00\" \/>\n<meta property=\"og:image\" content=\"https:\/\/eurohinca.com\/wp-content\/uploads\/2024\/02\/dovelas-1.jpg\" \/>\n\t<meta property=\"og:image:width\" content=\"600\" \/>\n\t<meta property=\"og:image:height\" content=\"317\" \/>\n\t<meta property=\"og:image:type\" content=\"image\/jpeg\" \/>\n<meta name=\"twitter:card\" content=\"summary_large_image\" \/>\n<meta name=\"twitter:label1\" content=\"Tiempo de lectura\" \/>\n\t<meta name=\"twitter:data1\" content=\"2 minutos\" \/>\n<script type=\"application\/ld+json\" class=\"yoast-schema-graph\">{\"@context\":\"https:\\\/\\\/schema.org\",\"@graph\":[{\"@type\":\"WebPage\",\"@id\":\"https:\\\/\\\/eurohinca.com\\\/en\\\/scheme-epb-voussoirs\\\/\",\"url\":\"https:\\\/\\\/eurohinca.com\\\/en\\\/scheme-epb-voussoirs\\\/\",\"name\":\"Tuneladoras EPB dovelas - Eurohinca\",\"isPartOf\":{\"@id\":\"https:\\\/\\\/eurohinca.com\\\/es\\\/#website\"},\"primaryImageOfPage\":{\"@id\":\"https:\\\/\\\/eurohinca.com\\\/en\\\/scheme-epb-voussoirs\\\/#primaryimage\"},\"image\":{\"@id\":\"https:\\\/\\\/eurohinca.com\\\/en\\\/scheme-epb-voussoirs\\\/#primaryimage\"},\"thumbnailUrl\":\"https:\\\/\\\/eurohinca.com\\\/wp-content\\\/uploads\\\/2024\\\/02\\\/dovelas-1.jpg\",\"datePublished\":\"2024-02-05T13:17:16+00:00\",\"dateModified\":\"2024-04-04T15:06:08+00:00\",\"description\":\"Las tuneladoras EPB o de balance de presi\u00f3n de tierras sostienen el frente con la presi\u00f3n ejercida por el terreno del interior de la c\u00e1mara de excavaci\u00f3n, que es evacuado mediante un tornillo sinf\u00edn de velocidad variable para poder controlar la extracci\u00f3n del material.\",\"breadcrumb\":{\"@id\":\"https:\\\/\\\/eurohinca.com\\\/en\\\/scheme-epb-voussoirs\\\/#breadcrumb\"},\"inLanguage\":\"es\",\"potentialAction\":[{\"@type\":\"ReadAction\",\"target\":[\"https:\\\/\\\/eurohinca.com\\\/en\\\/scheme-epb-voussoirs\\\/\"]}]},{\"@type\":\"ImageObject\",\"inLanguage\":\"es\",\"@id\":\"https:\\\/\\\/eurohinca.com\\\/en\\\/scheme-epb-voussoirs\\\/#primaryimage\",\"url\":\"https:\\\/\\\/eurohinca.com\\\/wp-content\\\/uploads\\\/2024\\\/02\\\/dovelas-1.jpg\",\"contentUrl\":\"https:\\\/\\\/eurohinca.com\\\/wp-content\\\/uploads\\\/2024\\\/02\\\/dovelas-1.jpg\",\"width\":600,\"height\":317,\"caption\":\"dovelas\"},{\"@type\":\"BreadcrumbList\",\"@id\":\"https:\\\/\\\/eurohinca.com\\\/en\\\/scheme-epb-voussoirs\\\/#breadcrumb\",\"itemListElement\":[{\"@type\":\"ListItem\",\"position\":1,\"name\":\"Portada\",\"item\":\"https:\\\/\\\/eurohinca.com\\\/es\\\/\"},{\"@type\":\"ListItem\",\"position\":2,\"name\":\"Esquema EPB dovelas\"}]},{\"@type\":\"WebSite\",\"@id\":\"https:\\\/\\\/eurohinca.com\\\/es\\\/#website\",\"url\":\"https:\\\/\\\/eurohinca.com\\\/es\\\/\",\"name\":\"Eurohinca\",\"description\":\"\",\"publisher\":{\"@id\":\"https:\\\/\\\/eurohinca.com\\\/es\\\/#organization\"},\"potentialAction\":[{\"@type\":\"SearchAction\",\"target\":{\"@type\":\"EntryPoint\",\"urlTemplate\":\"https:\\\/\\\/eurohinca.com\\\/es\\\/?s={search_term_string}\"},\"query-input\":{\"@type\":\"PropertyValueSpecification\",\"valueRequired\":true,\"valueName\":\"search_term_string\"}}],\"inLanguage\":\"es\"},{\"@type\":\"Organization\",\"@id\":\"https:\\\/\\\/eurohinca.com\\\/es\\\/#organization\",\"name\":\"Eurohinca\",\"url\":\"https:\\\/\\\/eurohinca.com\\\/es\\\/\",\"logo\":{\"@type\":\"ImageObject\",\"inLanguage\":\"es\",\"@id\":\"https:\\\/\\\/eurohinca.com\\\/es\\\/#\\\/schema\\\/logo\\\/image\\\/\",\"url\":\"https:\\\/\\\/eurohinca.com\\\/wp-content\\\/uploads\\\/2024\\\/01\\\/Logo-nuevo.png\",\"contentUrl\":\"https:\\\/\\\/eurohinca.com\\\/wp-content\\\/uploads\\\/2024\\\/01\\\/Logo-nuevo.png\",\"width\":512,\"height\":131,\"caption\":\"Eurohinca\"},\"image\":{\"@id\":\"https:\\\/\\\/eurohinca.com\\\/es\\\/#\\\/schema\\\/logo\\\/image\\\/\"}}]}<\/script>\n<!-- \/ Yoast SEO plugin. -->","yoast_head_json":{"title":"Tuneladoras EPB dovelas - Eurohinca","description":"Las tuneladoras EPB o de balance de presi\u00f3n de tierras sostienen el frente con la presi\u00f3n ejercida por el terreno del interior de la c\u00e1mara de excavaci\u00f3n, que es evacuado mediante un tornillo sinf\u00edn de velocidad variable para poder controlar la extracci\u00f3n del material.","robots":{"index":"index","follow":"follow","max-snippet":"max-snippet:-1","max-image-preview":"max-image-preview:large","max-video-preview":"max-video-preview:-1"},"canonical":"https:\/\/eurohinca.com\/es\/esquema-epb-dovelas\/","og_locale":"es_ES","og_type":"article","og_title":"Tuneladoras EPB dovelas - Eurohinca","og_description":"Las tuneladoras EPB o de balance de presi\u00f3n de tierras sostienen el frente con la presi\u00f3n ejercida por el terreno del interior de la c\u00e1mara de excavaci\u00f3n, que es evacuado mediante un tornillo sinf\u00edn de velocidad variable para poder controlar la extracci\u00f3n del material.","og_url":"https:\/\/eurohinca.com\/es\/esquema-epb-dovelas\/","og_site_name":"Eurohinca","article_modified_time":"2024-04-04T15:06:08+00:00","og_image":[{"width":600,"height":317,"url":"https:\/\/eurohinca.com\/wp-content\/uploads\/2024\/02\/dovelas-1.jpg","type":"image\/jpeg"}],"twitter_card":"summary_large_image","twitter_misc":{"Tiempo de lectura":"2 minutos"},"schema":{"@context":"https:\/\/schema.org","@graph":[{"@type":"WebPage","@id":"https:\/\/eurohinca.com\/en\/scheme-epb-voussoirs\/","url":"https:\/\/eurohinca.com\/en\/scheme-epb-voussoirs\/","name":"Tuneladoras EPB dovelas - Eurohinca","isPartOf":{"@id":"https:\/\/eurohinca.com\/es\/#website"},"primaryImageOfPage":{"@id":"https:\/\/eurohinca.com\/en\/scheme-epb-voussoirs\/#primaryimage"},"image":{"@id":"https:\/\/eurohinca.com\/en\/scheme-epb-voussoirs\/#primaryimage"},"thumbnailUrl":"https:\/\/eurohinca.com\/wp-content\/uploads\/2024\/02\/dovelas-1.jpg","datePublished":"2024-02-05T13:17:16+00:00","dateModified":"2024-04-04T15:06:08+00:00","description":"Las tuneladoras EPB o de balance de presi\u00f3n de tierras sostienen el frente con la presi\u00f3n ejercida por el terreno del interior de la c\u00e1mara de excavaci\u00f3n, que es evacuado mediante un tornillo sinf\u00edn de velocidad variable para poder controlar la extracci\u00f3n del material.","breadcrumb":{"@id":"https:\/\/eurohinca.com\/en\/scheme-epb-voussoirs\/#breadcrumb"},"inLanguage":"es","potentialAction":[{"@type":"ReadAction","target":["https:\/\/eurohinca.com\/en\/scheme-epb-voussoirs\/"]}]},{"@type":"ImageObject","inLanguage":"es","@id":"https:\/\/eurohinca.com\/en\/scheme-epb-voussoirs\/#primaryimage","url":"https:\/\/eurohinca.com\/wp-content\/uploads\/2024\/02\/dovelas-1.jpg","contentUrl":"https:\/\/eurohinca.com\/wp-content\/uploads\/2024\/02\/dovelas-1.jpg","width":600,"height":317,"caption":"dovelas"},{"@type":"BreadcrumbList","@id":"https:\/\/eurohinca.com\/en\/scheme-epb-voussoirs\/#breadcrumb","itemListElement":[{"@type":"ListItem","position":1,"name":"Portada","item":"https:\/\/eurohinca.com\/es\/"},{"@type":"ListItem","position":2,"name":"Esquema EPB dovelas"}]},{"@type":"WebSite","@id":"https:\/\/eurohinca.com\/es\/#website","url":"https:\/\/eurohinca.com\/es\/","name":"Eurohinca","description":"","publisher":{"@id":"https:\/\/eurohinca.com\/es\/#organization"},"potentialAction":[{"@type":"SearchAction","target":{"@type":"EntryPoint","urlTemplate":"https:\/\/eurohinca.com\/es\/?s={search_term_string}"},"query-input":{"@type":"PropertyValueSpecification","valueRequired":true,"valueName":"search_term_string"}}],"inLanguage":"es"},{"@type":"Organization","@id":"https:\/\/eurohinca.com\/es\/#organization","name":"Eurohinca","url":"https:\/\/eurohinca.com\/es\/","logo":{"@type":"ImageObject","inLanguage":"es","@id":"https:\/\/eurohinca.com\/es\/#\/schema\/logo\/image\/","url":"https:\/\/eurohinca.com\/wp-content\/uploads\/2024\/01\/Logo-nuevo.png","contentUrl":"https:\/\/eurohinca.com\/wp-content\/uploads\/2024\/01\/Logo-nuevo.png","width":512,"height":131,"caption":"Eurohinca"},"image":{"@id":"https:\/\/eurohinca.com\/es\/#\/schema\/logo\/image\/"}}]}},"_links":{"self":[{"href":"https:\/\/eurohinca.com\/es\/wp-json\/wp\/v2\/pages\/1382","targetHints":{"allow":["GET"]}}],"collection":[{"href":"https:\/\/eurohinca.com\/es\/wp-json\/wp\/v2\/pages"}],"about":[{"href":"https:\/\/eurohinca.com\/es\/wp-json\/wp\/v2\/types\/page"}],"author":[{"embeddable":true,"href":"https:\/\/eurohinca.com\/es\/wp-json\/wp\/v2\/users\/2"}],"replies":[{"embeddable":true,"href":"https:\/\/eurohinca.com\/es\/wp-json\/wp\/v2\/comments?post=1382"}],"version-history":[{"count":0,"href":"https:\/\/eurohinca.com\/es\/wp-json\/wp\/v2\/pages\/1382\/revisions"}],"wp:featuredmedia":[{"embeddable":true,"href":"https:\/\/eurohinca.com\/es\/wp-json\/wp\/v2\/media\/1883"}],"wp:attachment":[{"href":"https:\/\/eurohinca.com\/es\/wp-json\/wp\/v2\/media?parent=1382"}],"curies":[{"name":"wp","href":"https:\/\/api.w.org\/{rel}","templated":true}]}}