{"id":53,"date":"2024-01-26T12:40:03","date_gmt":"2024-01-26T12:40:03","guid":{"rendered":"https:\/\/eurohinca.es\/?page_id=53"},"modified":"2025-12-04T08:36:15","modified_gmt":"2025-12-04T08:36:15","slug":"request-offer","status":"publish","type":"page","link":"https:\/\/eurohinca.com\/en\/solicitar-oferta\/","title":{"rendered":"Request commercial offer"},"content":{"rendered":"\t\t<div data-elementor-type=\"wp-page\" data-elementor-id=\"53\" class=\"elementor elementor-53\" data-elementor-post-type=\"page\">\n\t\t\t\t\t\t<section class=\"elementor-section elementor-top-section elementor-element elementor-element-9e84e02 elementor-section-height-min-height elementor-section-boxed elementor-section-height-default elementor-section-items-middle\" data-id=\"9e84e02\" data-element_type=\"section\" data-e-type=\"section\" data-settings=\"{&quot;background_background&quot;:&quot;classic&quot;}\">\n\t\t\t\t\t\t\t<div class=\"elementor-background-overlay\"><\/div>\n\t\t\t\t\t\t\t<div class=\"elementor-container elementor-column-gap-default\">\n\t\t\t\t\t<div class=\"elementor-column elementor-col-50 elementor-top-column elementor-element elementor-element-b3dfac7\" data-id=\"b3dfac7\" data-element_type=\"column\" data-e-type=\"column\">\n\t\t\t<div class=\"elementor-widget-wrap elementor-element-populated\">\n\t\t\t\t\t\t<div class=\"elementor-element elementor-element-7ecf68a elementor-widget elementor-widget-heading\" data-id=\"7ecf68a\" data-element_type=\"widget\" data-e-type=\"widget\" data-widget_type=\"heading.default\">\n\t\t\t\t<div class=\"elementor-widget-container\">\n\t\t\t\t\t<h2 class=\"elementor-heading-title elementor-size-default\">Oferta comercial<\/h2>\t\t\t\t<\/div>\n\t\t\t\t<\/div>\n\t\t\t\t<div class=\"elementor-element elementor-element-80893ce elementor-widget elementor-widget-text-editor\" data-id=\"80893ce\" data-element_type=\"widget\" data-e-type=\"widget\" data-widget_type=\"text-editor.default\">\n\t\t\t\t<div class=\"elementor-widget-container\">\n\t\t\t\t\t\t\t\t\t<h4><span style=\"color: #00a3de;\"><strong>\u00a1Gracias por considerar a nuestra empresa para tus propuestas comerciales!<\/strong><\/span><\/h4><p>En EUROHINCA valoramos las oportunidades de colaboraci\u00f3n y estamos emocionados de conocer tus propuestas.<\/p><p>Por favor, utiliza el formulario a continuaci\u00f3n para enviarnos tus propuestas comerciales. Queremos entender completamente c\u00f3mo podemos trabajar juntos para alcanzar nuestros objetivos comunes. Cuanta m\u00e1s informaci\u00f3n puedas proporcionar, mejor podremos evaluar la viabilidad y el potencial de tu propuesta.<\/p><p>Nos comprometemos a revisar cuidadosamente cada propuesta que recibimos y a responder en el menor tiempo posible.<\/p><h4><strong>\u00a1Gracias por confiar en nosotros y por tu inter\u00e9s en colaborar con EUROHINCA!<\/strong><\/h4>\t\t\t\t\t\t\t\t<\/div>\n\t\t\t\t<\/div>\n\t\t\t\t\t<\/div>\n\t\t<\/div>\n\t\t\t\t<div class=\"elementor-column elementor-col-50 elementor-top-column elementor-element elementor-element-61beab0\" data-id=\"61beab0\" data-element_type=\"column\" data-e-type=\"column\">\n\t\t\t<div class=\"elementor-widget-wrap elementor-element-populated\">\n\t\t\t\t\t\t<div class=\"elementor-element elementor-element-d368ca0 elementor-button-align-stretch elementor-widget elementor-widget-form\" data-id=\"d368ca0\" data-element_type=\"widget\" data-e-type=\"widget\" data-settings=\"{&quot;step_next_label&quot;:&quot;Siguiente&quot;,&quot;step_previous_label&quot;:&quot;Anterior&quot;,&quot;button_width&quot;:&quot;100&quot;,&quot;step_type&quot;:&quot;number_text&quot;,&quot;step_icon_shape&quot;:&quot;circle&quot;}\" data-widget_type=\"form.default\">\n\t\t\t\t<div class=\"elementor-widget-container\">\n\t\t\t\t\t\t\t<form class=\"elementor-form\" method=\"post\" name=\"Nuevo formulario\" aria-label=\"Nuevo formulario\">\n\t\t\t<input type=\"hidden\" name=\"post_id\" value=\"53\"\/>\n\t\t\t<input type=\"hidden\" name=\"form_id\" value=\"d368ca0\"\/>\n\t\t\t<input type=\"hidden\" name=\"referer_title\" value=\"Solicitar oferta comercial - Eurohinca\" \/>\n\n\t\t\t\t\t\t\t<input type=\"hidden\" name=\"queried_id\" value=\"53\"\/>\n\t\t\t\n\t\t\t<div class=\"elementor-form-fields-wrapper elementor-labels-above\">\n\t\t\t\t\t\t\t\t<div class=\"elementor-field-type-text elementor-field-group elementor-column elementor-field-group-name elementor-col-66 elementor-field-required\">\n\t\t\t\t\t\t\t\t\t\t\t\t\t<input size=\"1\" type=\"text\" name=\"form_fields[name]\" id=\"form-field-name\" class=\"elementor-field elementor-size-sm  elementor-field-textual\" placeholder=\"Nombre*\" required=\"required\">\n\t\t\t\t\t\t\t\t\t\t\t<\/div>\n\t\t\t\t\t\t\t\t<div class=\"elementor-field-type-tel elementor-field-group elementor-column elementor-field-group-tel elementor-col-33 elementor-field-required\">\n\t\t\t\t\t\t\t<input size=\"1\" type=\"tel\" name=\"form_fields[tel]\" id=\"form-field-tel\" class=\"elementor-field elementor-size-sm  elementor-field-textual\" placeholder=\"Tel\u00e9fono*\" required=\"required\" pattern=\"[0-9()#&amp;+*-=.]+\" title=\"Solo se aceptan n\u00fameros y caracteres de tel\u00e9fono (#,-,*,etc).\">\n\n\t\t\t\t\t\t<\/div>\n\t\t\t\t\t\t\t\t<div class=\"elementor-field-type-email elementor-field-group elementor-column elementor-field-group-email elementor-col-66 elementor-field-required\">\n\t\t\t\t\t\t\t\t\t\t\t\t\t<input size=\"1\" type=\"email\" name=\"form_fields[email]\" id=\"form-field-email\" class=\"elementor-field elementor-size-sm  elementor-field-textual\" placeholder=\"Correo electr\u00f3nico*\" required=\"required\">\n\t\t\t\t\t\t\t\t\t\t\t<\/div>\n\t\t\t\t\t\t\t\t<div class=\"elementor-field-type-text elementor-field-group elementor-column elementor-field-group-empresa elementor-col-33 elementor-field-required\">\n\t\t\t\t\t\t\t\t\t\t\t\t\t<input size=\"1\" type=\"text\" name=\"form_fields[empresa]\" id=\"form-field-empresa\" class=\"elementor-field elementor-size-sm  elementor-field-textual\" placeholder=\"Empresa*\" required=\"required\">\n\t\t\t\t\t\t\t\t\t\t\t<\/div>\n\t\t\t\t\t\t\t\t<div class=\"elementor-field-type-textarea elementor-field-group elementor-column elementor-field-group-message elementor-col-100 elementor-field-required\">\n\t\t\t\t\t<textarea class=\"elementor-field-textual elementor-field  elementor-size-sm\" name=\"form_fields[message]\" id=\"form-field-message\" rows=\"8\" placeholder=\"Mensaje*\" required=\"required\"><\/textarea>\t\t\t\t<\/div>\n\t\t\t\t\t\t\t\t<div class=\"elementor-field-type-acceptance elementor-field-group elementor-column elementor-field-group-field_6c3a441 elementor-col-100 elementor-field-required\">\n\t\t\t\t\t\t\t<div class=\"elementor-field-subgroup\">\n\t\t\t<span class=\"elementor-field-option\">\n\t\t\t\t<input type=\"checkbox\" name=\"form_fields[field_6c3a441]\" id=\"form-field-field_6c3a441\" class=\"elementor-field elementor-size-sm  elementor-acceptance-field\" required=\"required\">\n\t\t\t\t<label for=\"form-field-field_6c3a441\">He le&iacute;do y acepto la <a href=\"https:\/\/eurohinca.com\/es\/politica-de-privacidad\/\">pol&iacute;tica de privacidad<\/a><\/label>\t\t\t<\/span>\n\t\t<\/div>\n\t\t\t\t\t\t<\/div>\n\t\t\t\t\t\t\t\t<div class=\"elementor-field-type-recaptcha_v3 elementor-field-group elementor-column elementor-field-group-field_898b4f4 elementor-col-100 recaptcha_v3-bottomright\">\n\t\t\t\t\t<div class=\"elementor-field\" id=\"form-field-field_898b4f4\"><div class=\"elementor-g-recaptcha\" data-sitekey=\"6LdvR10pAAAAAJxrl5YG037aFhDvAuSVDnT-6UJn\" data-type=\"v3\" data-action=\"Form\" data-badge=\"bottomright\" data-size=\"invisible\"><\/div><\/div>\t\t\t\t<\/div>\n\t\t\t\t\t\t\t\t<div class=\"elementor-field-group elementor-column elementor-field-type-submit elementor-col-100 e-form__buttons\">\n\t\t\t\t\t<button class=\"elementor-button elementor-size-sm\" type=\"submit\">\n\t\t\t\t\t\t<span class=\"elementor-button-content-wrapper\">\n\t\t\t\t\t\t\t\t\t\t\t\t\t\t\t\t\t\t\t\t\t\t<span class=\"elementor-button-text\">Enviar<\/span>\n\t\t\t\t\t\t\t\t\t\t\t\t\t<\/span>\n\t\t\t\t\t<\/button>\n\t\t\t\t<\/div>\n\t\t\t<\/div>\n\t\t<\/form>\n\t\t\t\t\t\t<\/div>\n\t\t\t\t<\/div>\n\t\t\t\t\t<\/div>\n\t\t<\/div>\n\t\t\t\t\t<\/div>\n\t\t<\/section>\n\t\t\t\t<\/div>\n\t\t","protected":false},"excerpt":{"rendered":"<p>Oferta comercial \u00a1Gracias por considerar a nuestra empresa para tus propuestas comerciales! En EUROHINCA valoramos las oportunidades de colaboraci\u00f3n y estamos emocionados de conocer tus propuestas. Por favor, utiliza el formulario a continuaci\u00f3n para enviarnos tus propuestas comerciales. Queremos entender completamente c\u00f3mo podemos trabajar juntos para alcanzar nuestros objetivos comunes. Cuanta m\u00e1s informaci\u00f3n puedas proporcionar, [&hellip;]<\/p>\n","protected":false},"author":2,"featured_media":30,"parent":0,"menu_order":0,"comment_status":"closed","ping_status":"closed","template":"","meta":{"footnotes":""},"class_list":["post-53","page","type-page","status-publish","has-post-thumbnail","hentry"],"yoast_head":"<!-- This site is optimized with the Yoast SEO plugin v27.3 - https:\/\/yoast.com\/product\/yoast-seo-wordpress\/ -->\n<title>Solicitar oferta comercial - Eurohinca<\/title>\n<meta name=\"robots\" content=\"index, follow, max-snippet:-1, max-image-preview:large, max-video-preview:-1\" \/>\n<link rel=\"canonical\" href=\"https:\/\/eurohinca.com\/en\/request-offer\/\" \/>\n<meta property=\"og:locale\" content=\"en_US\" \/>\n<meta property=\"og:type\" content=\"article\" \/>\n<meta property=\"og:title\" content=\"Solicitar oferta comercial - Eurohinca\" \/>\n<meta property=\"og:description\" content=\"Oferta comercial \u00a1Gracias por considerar a nuestra empresa para tus propuestas comerciales! En EUROHINCA valoramos las oportunidades de colaboraci\u00f3n y estamos emocionados de conocer tus propuestas. Por favor, utiliza el formulario a continuaci\u00f3n para enviarnos tus propuestas comerciales. Queremos entender completamente c\u00f3mo podemos trabajar juntos para alcanzar nuestros objetivos comunes. Cuanta m\u00e1s informaci\u00f3n puedas proporcionar, [&hellip;]\" \/>\n<meta property=\"og:url\" content=\"https:\/\/eurohinca.com\/en\/request-offer\/\" \/>\n<meta property=\"og:site_name\" content=\"Eurohinca\" \/>\n<meta property=\"article:modified_time\" content=\"2025-12-04T08:36:15+00:00\" \/>\n<meta property=\"og:image\" content=\"https:\/\/eurohinca.com\/wp-content\/uploads\/2024\/01\/Logo-EH-LOGIN.jpg\" \/>\n\t<meta property=\"og:image:width\" content=\"272\" \/>\n\t<meta property=\"og:image:height\" content=\"272\" \/>\n\t<meta property=\"og:image:type\" content=\"image\/jpeg\" \/>\n<meta name=\"twitter:card\" content=\"summary_large_image\" \/>\n<meta name=\"twitter:label1\" content=\"Est. reading time\" \/>\n\t<meta name=\"twitter:data1\" content=\"1 minute\" \/>\n<script type=\"application\/ld+json\" class=\"yoast-schema-graph\">{\"@context\":\"https:\\\/\\\/schema.org\",\"@graph\":[{\"@type\":\"WebPage\",\"@id\":\"https:\\\/\\\/eurohinca.com\\\/solicitar-oferta\\\/\",\"url\":\"https:\\\/\\\/eurohinca.com\\\/solicitar-oferta\\\/\",\"name\":\"Solicitar oferta comercial - Eurohinca\",\"isPartOf\":{\"@id\":\"https:\\\/\\\/eurohinca.com\\\/es\\\/#website\"},\"primaryImageOfPage\":{\"@id\":\"https:\\\/\\\/eurohinca.com\\\/solicitar-oferta\\\/#primaryimage\"},\"image\":{\"@id\":\"https:\\\/\\\/eurohinca.com\\\/solicitar-oferta\\\/#primaryimage\"},\"thumbnailUrl\":\"https:\\\/\\\/eurohinca.com\\\/wp-content\\\/uploads\\\/2024\\\/01\\\/Logo-EH-LOGIN.jpg\",\"datePublished\":\"2024-01-26T12:40:03+00:00\",\"dateModified\":\"2025-12-04T08:36:15+00:00\",\"breadcrumb\":{\"@id\":\"https:\\\/\\\/eurohinca.com\\\/solicitar-oferta\\\/#breadcrumb\"},\"inLanguage\":\"en-US\",\"potentialAction\":[{\"@type\":\"ReadAction\",\"target\":[\"https:\\\/\\\/eurohinca.com\\\/solicitar-oferta\\\/\"]}]},{\"@type\":\"ImageObject\",\"inLanguage\":\"en-US\",\"@id\":\"https:\\\/\\\/eurohinca.com\\\/solicitar-oferta\\\/#primaryimage\",\"url\":\"https:\\\/\\\/eurohinca.com\\\/wp-content\\\/uploads\\\/2024\\\/01\\\/Logo-EH-LOGIN.jpg\",\"contentUrl\":\"https:\\\/\\\/eurohinca.com\\\/wp-content\\\/uploads\\\/2024\\\/01\\\/Logo-EH-LOGIN.jpg\",\"width\":272,\"height\":272,\"caption\":\"logo eurohinca\"},{\"@type\":\"BreadcrumbList\",\"@id\":\"https:\\\/\\\/eurohinca.com\\\/solicitar-oferta\\\/#breadcrumb\",\"itemListElement\":[{\"@type\":\"ListItem\",\"position\":1,\"name\":\"Portada\",\"item\":\"https:\\\/\\\/eurohinca.com\\\/es\\\/\"},{\"@type\":\"ListItem\",\"position\":2,\"name\":\"Solicitar oferta comercial\"}]},{\"@type\":\"WebSite\",\"@id\":\"https:\\\/\\\/eurohinca.com\\\/es\\\/#website\",\"url\":\"https:\\\/\\\/eurohinca.com\\\/es\\\/\",\"name\":\"Eurohinca\",\"description\":\"\",\"publisher\":{\"@id\":\"https:\\\/\\\/eurohinca.com\\\/es\\\/#organization\"},\"potentialAction\":[{\"@type\":\"SearchAction\",\"target\":{\"@type\":\"EntryPoint\",\"urlTemplate\":\"https:\\\/\\\/eurohinca.com\\\/es\\\/?s={search_term_string}\"},\"query-input\":{\"@type\":\"PropertyValueSpecification\",\"valueRequired\":true,\"valueName\":\"search_term_string\"}}],\"inLanguage\":\"en-US\"},{\"@type\":\"Organization\",\"@id\":\"https:\\\/\\\/eurohinca.com\\\/es\\\/#organization\",\"name\":\"Eurohinca\",\"url\":\"https:\\\/\\\/eurohinca.com\\\/es\\\/\",\"logo\":{\"@type\":\"ImageObject\",\"inLanguage\":\"en-US\",\"@id\":\"https:\\\/\\\/eurohinca.com\\\/es\\\/#\\\/schema\\\/logo\\\/image\\\/\",\"url\":\"https:\\\/\\\/eurohinca.com\\\/wp-content\\\/uploads\\\/2024\\\/01\\\/Logo-nuevo.png\",\"contentUrl\":\"https:\\\/\\\/eurohinca.com\\\/wp-content\\\/uploads\\\/2024\\\/01\\\/Logo-nuevo.png\",\"width\":512,\"height\":131,\"caption\":\"Eurohinca\"},\"image\":{\"@id\":\"https:\\\/\\\/eurohinca.com\\\/es\\\/#\\\/schema\\\/logo\\\/image\\\/\"}}]}<\/script>\n<!-- \/ Yoast SEO plugin. -->","yoast_head_json":{"title":"Request commercial offer - Eurohinca","robots":{"index":"index","follow":"follow","max-snippet":"max-snippet:-1","max-image-preview":"max-image-preview:large","max-video-preview":"max-video-preview:-1"},"canonical":"https:\/\/eurohinca.com\/en\/request-offer\/","og_locale":"en_US","og_type":"article","og_title":"Solicitar oferta comercial - Eurohinca","og_description":"Oferta comercial \u00a1Gracias por considerar a nuestra empresa para tus propuestas comerciales! En EUROHINCA valoramos las oportunidades de colaboraci\u00f3n y estamos emocionados de conocer tus propuestas. Por favor, utiliza el formulario a continuaci\u00f3n para enviarnos tus propuestas comerciales. Queremos entender completamente c\u00f3mo podemos trabajar juntos para alcanzar nuestros objetivos comunes. Cuanta m\u00e1s informaci\u00f3n puedas proporcionar, [&hellip;]","og_url":"https:\/\/eurohinca.com\/en\/request-offer\/","og_site_name":"Eurohinca","article_modified_time":"2025-12-04T08:36:15+00:00","og_image":[{"width":272,"height":272,"url":"https:\/\/eurohinca.com\/wp-content\/uploads\/2024\/01\/Logo-EH-LOGIN.jpg","type":"image\/jpeg"}],"twitter_card":"summary_large_image","twitter_misc":{"Est. reading time":"1 minute"},"schema":{"@context":"https:\/\/schema.org","@graph":[{"@type":"WebPage","@id":"https:\/\/eurohinca.com\/solicitar-oferta\/","url":"https:\/\/eurohinca.com\/solicitar-oferta\/","name":"Request commercial offer - Eurohinca","isPartOf":{"@id":"https:\/\/eurohinca.com\/es\/#website"},"primaryImageOfPage":{"@id":"https:\/\/eurohinca.com\/solicitar-oferta\/#primaryimage"},"image":{"@id":"https:\/\/eurohinca.com\/solicitar-oferta\/#primaryimage"},"thumbnailUrl":"https:\/\/eurohinca.com\/wp-content\/uploads\/2024\/01\/Logo-EH-LOGIN.jpg","datePublished":"2024-01-26T12:40:03+00:00","dateModified":"2025-12-04T08:36:15+00:00","breadcrumb":{"@id":"https:\/\/eurohinca.com\/solicitar-oferta\/#breadcrumb"},"inLanguage":"en-US","potentialAction":[{"@type":"ReadAction","target":["https:\/\/eurohinca.com\/solicitar-oferta\/"]}]},{"@type":"ImageObject","inLanguage":"en-US","@id":"https:\/\/eurohinca.com\/solicitar-oferta\/#primaryimage","url":"https:\/\/eurohinca.com\/wp-content\/uploads\/2024\/01\/Logo-EH-LOGIN.jpg","contentUrl":"https:\/\/eurohinca.com\/wp-content\/uploads\/2024\/01\/Logo-EH-LOGIN.jpg","width":272,"height":272,"caption":"logo eurohinca"},{"@type":"BreadcrumbList","@id":"https:\/\/eurohinca.com\/solicitar-oferta\/#breadcrumb","itemListElement":[{"@type":"ListItem","position":1,"name":"Portada","item":"https:\/\/eurohinca.com\/es\/"},{"@type":"ListItem","position":2,"name":"Solicitar oferta comercial"}]},{"@type":"WebSite","@id":"https:\/\/eurohinca.com\/es\/#website","url":"https:\/\/eurohinca.com\/es\/","name":"Eurohinca","description":"","publisher":{"@id":"https:\/\/eurohinca.com\/es\/#organization"},"potentialAction":[{"@type":"SearchAction","target":{"@type":"EntryPoint","urlTemplate":"https:\/\/eurohinca.com\/es\/?s={search_term_string}"},"query-input":{"@type":"PropertyValueSpecification","valueRequired":true,"valueName":"search_term_string"}}],"inLanguage":"en-US"},{"@type":"Organization","@id":"https:\/\/eurohinca.com\/es\/#organization","name":"Eurohinca","url":"https:\/\/eurohinca.com\/es\/","logo":{"@type":"ImageObject","inLanguage":"en-US","@id":"https:\/\/eurohinca.com\/es\/#\/schema\/logo\/image\/","url":"https:\/\/eurohinca.com\/wp-content\/uploads\/2024\/01\/Logo-nuevo.png","contentUrl":"https:\/\/eurohinca.com\/wp-content\/uploads\/2024\/01\/Logo-nuevo.png","width":512,"height":131,"caption":"Eurohinca"},"image":{"@id":"https:\/\/eurohinca.com\/es\/#\/schema\/logo\/image\/"}}]}},"_links":{"self":[{"href":"https:\/\/eurohinca.com\/en\/wp-json\/wp\/v2\/pages\/53","targetHints":{"allow":["GET"]}}],"collection":[{"href":"https:\/\/eurohinca.com\/en\/wp-json\/wp\/v2\/pages"}],"about":[{"href":"https:\/\/eurohinca.com\/en\/wp-json\/wp\/v2\/types\/page"}],"author":[{"embeddable":true,"href":"https:\/\/eurohinca.com\/en\/wp-json\/wp\/v2\/users\/2"}],"replies":[{"embeddable":true,"href":"https:\/\/eurohinca.com\/en\/wp-json\/wp\/v2\/comments?post=53"}],"version-history":[{"count":6,"href":"https:\/\/eurohinca.com\/en\/wp-json\/wp\/v2\/pages\/53\/revisions"}],"predecessor-version":[{"id":4876,"href":"https:\/\/eurohinca.com\/en\/wp-json\/wp\/v2\/pages\/53\/revisions\/4876"}],"wp:featuredmedia":[{"embeddable":true,"href":"https:\/\/eurohinca.com\/en\/wp-json\/wp\/v2\/media\/30"}],"wp:attachment":[{"href":"https:\/\/eurohinca.com\/en\/wp-json\/wp\/v2\/media?parent=53"}],"curies":[{"name":"wp","href":"https:\/\/api.w.org\/{rel}","templated":true}]}}