{"id":3,"date":"2024-01-23T16:45:05","date_gmt":"2024-01-23T16:45:05","guid":{"rendered":"https:\/\/eurohinca.es\/?page_id=3"},"modified":"2024-03-08T08:13:01","modified_gmt":"2024-03-08T08:13:01","slug":"privacy-policy","status":"publish","type":"page","link":"https:\/\/eurohinca.com\/en\/politica-de-privacidad\/","title":{"rendered":"Privacy Policy"},"content":{"rendered":"<div data-elementor-type=\"wp-page\" data-elementor-id=\"3\" class=\"elementor elementor-3\" data-elementor-post-type=\"page\">\n\t\t\t\t\t\t<section class=\"elementor-section elementor-top-section elementor-element elementor-element-b153033 elementor-section-height-min-height elementor-section-boxed elementor-section-height-default elementor-section-items-middle\" data-id=\"b153033\" data-element_type=\"section\" data-e-type=\"section\" data-settings=\"{&quot;background_background&quot;:&quot;classic&quot;}\">\n\t\t\t\t\t\t\t<div class=\"elementor-background-overlay\"><\/div>\n\t\t\t\t\t\t\t<div class=\"elementor-container elementor-column-gap-default\">\n\t\t\t\t\t<div class=\"elementor-column elementor-col-50 elementor-top-column elementor-element elementor-element-8cef8d2\" data-id=\"8cef8d2\" data-element_type=\"column\" data-e-type=\"column\">\n\t\t\t<div class=\"elementor-widget-wrap elementor-element-populated\">\n\t\t\t\t\t\t<div class=\"elementor-element elementor-element-124a185 elementor-widget elementor-widget-heading\" data-id=\"124a185\" data-element_type=\"widget\" data-e-type=\"widget\" data-widget_type=\"heading.default\">\n\t\t\t\t<div class=\"elementor-widget-container\">\n\t\t\t\t\t<h2 class=\"elementor-heading-title elementor-size-default\">Privacy Policy<\/h2>\t\t\t\t<\/div>\n\t\t\t\t<\/div>\n\t\t\t\t\t<\/div>\n\t\t<\/div>\n\t\t\t\t<div class=\"elementor-column elementor-col-50 elementor-top-column elementor-element elementor-element-ced06ca elementor-hidden-tablet elementor-hidden-phone\" data-id=\"ced06ca\" data-element_type=\"column\" data-e-type=\"column\">\n\t\t\t<div class=\"elementor-widget-wrap\">\n\t\t\t\t\t\t\t<\/div>\n\t\t<\/div>\n\t\t\t\t\t<\/div>\n\t\t<\/section>\n\t\t<div class=\"elementor-element elementor-element-3317d3c1 e-flex e-con-boxed e-con e-parent\" data-id=\"3317d3c1\" data-element_type=\"container\" data-e-type=\"container\">\n\t\t\t\t\t<div class=\"e-con-inner\">\n\t\t\t\t<div class=\"elementor-element elementor-element-c923878 elementor-widget elementor-widget-text-editor\" data-id=\"c923878\" data-element_type=\"widget\" data-e-type=\"widget\" data-widget_type=\"text-editor.default\">\n\t\t\t\t<div class=\"elementor-widget-container\">\n\t\t\t\t\t\t\t\t\t<p>In accordance with Organic Law 15\/1999, of December 13, 1999, on the Protection of Personal Data, the subsidiaries, affiliates and associated companies of EUROHINCA, as companies responsible for the information, undertake to comply with their obligation of secrecy with respect to personal data and the duty to treat them with confidentiality. For these purposes, they shall adopt the necessary measures to avoid its alteration, loss, treatment or unauthorized access.<\/p>\n<p>The collection and processing of personal data is aimed at the management, provision, expansion and improvement of the services requested at any time by the user and the monitoring of queries raised by them.<\/p>\n<p>You will have the possibility to exercise your rights of access, rectification, cancellation and opposition of your personal data contained in the files, requesting it by any means that leaves a record of its sending and receipt. To exercise your rights, you may contact us by e-mail: nbsp;<a href=\"mailto:LOPD@terratest.es\">\u00a0LOPD@terratest.es<\/a>\u00a0indicated in the subject line \ufffdLOPD\ufffd.<\/p>\n<p>EUROHINCA maintains the levels of protection of your personal data in accordance with Royal Decree 1720\/2007, of December 21, as Regulation of development of the Organic Law 15\/1999, of December 13 for the Protection of Personal Data, and has established all the technical means at its disposal to prevent the loss, misuse, alteration, unauthorized access and theft of the data you provide, without prejudice to the fact that Internet security measures are not impregnable.<\/p>\t\t\t\t\t\t\t\t<\/div>\n\t\t\t\t<\/div>\n\t\t\t\t\t<\/div>\n\t\t\t\t<\/div>\n\t\t\t\t<\/div>","protected":false},"excerpt":{"rendered":"<p>Pol\u00edtica de Privacidad De acuerdo con la Ley Org\u00e1nica 15\/1999, de 13 de diciembre, de Protecci\u00f3n de Datos de Car\u00e1cter Personal, las empresas filiales, participadas y asociadas a EUROHINCA como Empresas Responsables de la informaci\u00f3n se comprometen al cumplimiento de su obligaci\u00f3n de secreto con respecto a los datos de car\u00e1cter personal y al deber [&hellip;]<\/p>\n","protected":false},"author":1,"featured_media":0,"parent":0,"menu_order":0,"comment_status":"closed","ping_status":"closed","template":"","meta":{"footnotes":""},"class_list":["post-3","page","type-page","status-publish","hentry"],"yoast_head":"<!-- This site is optimized with the Yoast SEO plugin v27.5 - https:\/\/yoast.com\/product\/yoast-seo-wordpress\/ -->\n<title>Pol\u00edtica de Privacidad - Eurohinca<\/title>\n<meta name=\"robots\" content=\"index, follow, max-snippet:-1, max-image-preview:large, max-video-preview:-1\" \/>\n<link rel=\"canonical\" href=\"https:\/\/eurohinca.com\/en\/privacy-policy\/\" \/>\n<meta property=\"og:locale\" content=\"en_US\" \/>\n<meta property=\"og:type\" content=\"article\" \/>\n<meta property=\"og:title\" content=\"Pol\u00edtica de Privacidad - Eurohinca\" \/>\n<meta property=\"og:description\" content=\"Pol\u00edtica de Privacidad De acuerdo con la Ley Org\u00e1nica 15\/1999, de 13 de diciembre, de Protecci\u00f3n de Datos de Car\u00e1cter Personal, las empresas filiales, participadas y asociadas a EUROHINCA como Empresas Responsables de la informaci\u00f3n se comprometen al cumplimiento de su obligaci\u00f3n de secreto con respecto a los datos de car\u00e1cter personal y al deber [&hellip;]\" \/>\n<meta property=\"og:url\" content=\"https:\/\/eurohinca.com\/en\/privacy-policy\/\" \/>\n<meta property=\"og:site_name\" content=\"Eurohinca\" \/>\n<meta property=\"article:modified_time\" content=\"2024-03-08T08:13:01+00:00\" \/>\n<meta name=\"twitter:card\" content=\"summary_large_image\" \/>\n<meta name=\"twitter:label1\" content=\"Est. reading time\" \/>\n\t<meta name=\"twitter:data1\" content=\"2 minutes\" \/>\n<script type=\"application\/ld+json\" class=\"yoast-schema-graph\">{\"@context\":\"https:\\\/\\\/schema.org\",\"@graph\":[{\"@type\":\"WebPage\",\"@id\":\"https:\\\/\\\/eurohinca.com\\\/es\\\/politica-de-privacidad\\\/\",\"url\":\"https:\\\/\\\/eurohinca.com\\\/es\\\/politica-de-privacidad\\\/\",\"name\":\"Pol\u00edtica de Privacidad - Eurohinca\",\"isPartOf\":{\"@id\":\"https:\\\/\\\/eurohinca.com\\\/es\\\/#website\"},\"datePublished\":\"2024-01-23T16:45:05+00:00\",\"dateModified\":\"2024-03-08T08:13:01+00:00\",\"breadcrumb\":{\"@id\":\"https:\\\/\\\/eurohinca.com\\\/es\\\/politica-de-privacidad\\\/#breadcrumb\"},\"inLanguage\":\"en-US\",\"potentialAction\":[{\"@type\":\"ReadAction\",\"target\":[\"https:\\\/\\\/eurohinca.com\\\/es\\\/politica-de-privacidad\\\/\"]}]},{\"@type\":\"BreadcrumbList\",\"@id\":\"https:\\\/\\\/eurohinca.com\\\/es\\\/politica-de-privacidad\\\/#breadcrumb\",\"itemListElement\":[{\"@type\":\"ListItem\",\"position\":1,\"name\":\"Portada\",\"item\":\"https:\\\/\\\/eurohinca.com\\\/es\\\/\"},{\"@type\":\"ListItem\",\"position\":2,\"name\":\"Pol\u00edtica de Privacidad\"}]},{\"@type\":\"WebSite\",\"@id\":\"https:\\\/\\\/eurohinca.com\\\/es\\\/#website\",\"url\":\"https:\\\/\\\/eurohinca.com\\\/es\\\/\",\"name\":\"Eurohinca\",\"description\":\"\",\"publisher\":{\"@id\":\"https:\\\/\\\/eurohinca.com\\\/es\\\/#organization\"},\"potentialAction\":[{\"@type\":\"SearchAction\",\"target\":{\"@type\":\"EntryPoint\",\"urlTemplate\":\"https:\\\/\\\/eurohinca.com\\\/es\\\/?s={search_term_string}\"},\"query-input\":{\"@type\":\"PropertyValueSpecification\",\"valueRequired\":true,\"valueName\":\"search_term_string\"}}],\"inLanguage\":\"en-US\"},{\"@type\":\"Organization\",\"@id\":\"https:\\\/\\\/eurohinca.com\\\/es\\\/#organization\",\"name\":\"Eurohinca\",\"url\":\"https:\\\/\\\/eurohinca.com\\\/es\\\/\",\"logo\":{\"@type\":\"ImageObject\",\"inLanguage\":\"en-US\",\"@id\":\"https:\\\/\\\/eurohinca.com\\\/es\\\/#\\\/schema\\\/logo\\\/image\\\/\",\"url\":\"https:\\\/\\\/eurohinca.com\\\/wp-content\\\/uploads\\\/2024\\\/01\\\/Logo-nuevo.png\",\"contentUrl\":\"https:\\\/\\\/eurohinca.com\\\/wp-content\\\/uploads\\\/2024\\\/01\\\/Logo-nuevo.png\",\"width\":512,\"height\":131,\"caption\":\"Eurohinca\"},\"image\":{\"@id\":\"https:\\\/\\\/eurohinca.com\\\/es\\\/#\\\/schema\\\/logo\\\/image\\\/\"}}]}<\/script>\n<!-- \/ Yoast SEO plugin. -->","yoast_head_json":{"title":"Privacy Policy for the Website | Eurohinca","robots":{"index":"index","follow":"follow","max-snippet":"max-snippet:-1","max-image-preview":"max-image-preview:large","max-video-preview":"max-video-preview:-1"},"canonical":"https:\/\/eurohinca.com\/en\/privacy-policy\/","og_locale":"en_US","og_type":"article","og_title":"Pol\u00edtica de Privacidad - Eurohinca","og_description":"Pol\u00edtica de Privacidad De acuerdo con la Ley Org\u00e1nica 15\/1999, de 13 de diciembre, de Protecci\u00f3n de Datos de Car\u00e1cter Personal, las empresas filiales, participadas y asociadas a EUROHINCA como Empresas Responsables de la informaci\u00f3n se comprometen al cumplimiento de su obligaci\u00f3n de secreto con respecto a los datos de car\u00e1cter personal y al deber [&hellip;]","og_url":"https:\/\/eurohinca.com\/en\/privacy-policy\/","og_site_name":"Eurohinca","article_modified_time":"2024-03-08T08:13:01+00:00","twitter_card":"summary_large_image","twitter_misc":{"Est. reading time":"2 minutes"},"schema":{"@context":"https:\/\/schema.org","@graph":[{"@type":"WebPage","@id":"https:\/\/eurohinca.com\/es\/politica-de-privacidad\/","url":"https:\/\/eurohinca.com\/es\/politica-de-privacidad\/","name":"Privacy Policy for the Website | Eurohinca","isPartOf":{"@id":"https:\/\/eurohinca.com\/es\/#website"},"datePublished":"2024-01-23T16:45:05+00:00","dateModified":"2024-03-08T08:13:01+00:00","breadcrumb":{"@id":"https:\/\/eurohinca.com\/es\/politica-de-privacidad\/#breadcrumb"},"inLanguage":"en-US","potentialAction":[{"@type":"ReadAction","target":["https:\/\/eurohinca.com\/es\/politica-de-privacidad\/"]}]},{"@type":"BreadcrumbList","@id":"https:\/\/eurohinca.com\/es\/politica-de-privacidad\/#breadcrumb","itemListElement":[{"@type":"ListItem","position":1,"name":"Portada","item":"https:\/\/eurohinca.com\/es\/"},{"@type":"ListItem","position":2,"name":"Pol\u00edtica de Privacidad"}]},{"@type":"WebSite","@id":"https:\/\/eurohinca.com\/es\/#website","url":"https:\/\/eurohinca.com\/es\/","name":"Eurohinca","description":"","publisher":{"@id":"https:\/\/eurohinca.com\/es\/#organization"},"potentialAction":[{"@type":"SearchAction","target":{"@type":"EntryPoint","urlTemplate":"https:\/\/eurohinca.com\/es\/?s={search_term_string}"},"query-input":{"@type":"PropertyValueSpecification","valueRequired":true,"valueName":"search_term_string"}}],"inLanguage":"en-US"},{"@type":"Organization","@id":"https:\/\/eurohinca.com\/es\/#organization","name":"Eurohinca","url":"https:\/\/eurohinca.com\/es\/","logo":{"@type":"ImageObject","inLanguage":"en-US","@id":"https:\/\/eurohinca.com\/es\/#\/schema\/logo\/image\/","url":"https:\/\/eurohinca.com\/wp-content\/uploads\/2024\/01\/Logo-nuevo.png","contentUrl":"https:\/\/eurohinca.com\/wp-content\/uploads\/2024\/01\/Logo-nuevo.png","width":512,"height":131,"caption":"Eurohinca"},"image":{"@id":"https:\/\/eurohinca.com\/es\/#\/schema\/logo\/image\/"}}]}},"_links":{"self":[{"href":"https:\/\/eurohinca.com\/en\/wp-json\/wp\/v2\/pages\/3","targetHints":{"allow":["GET"]}}],"collection":[{"href":"https:\/\/eurohinca.com\/en\/wp-json\/wp\/v2\/pages"}],"about":[{"href":"https:\/\/eurohinca.com\/en\/wp-json\/wp\/v2\/types\/page"}],"author":[{"embeddable":true,"href":"https:\/\/eurohinca.com\/en\/wp-json\/wp\/v2\/users\/1"}],"replies":[{"embeddable":true,"href":"https:\/\/eurohinca.com\/en\/wp-json\/wp\/v2\/comments?post=3"}],"version-history":[{"count":0,"href":"https:\/\/eurohinca.com\/en\/wp-json\/wp\/v2\/pages\/3\/revisions"}],"wp:attachment":[{"href":"https:\/\/eurohinca.com\/en\/wp-json\/wp\/v2\/media?parent=3"}],"curies":[{"name":"wp","href":"https:\/\/api.w.org\/{rel}","templated":true}]}}